{"id":838,"date":"2026-02-19T13:26:53","date_gmt":"2026-02-19T13:26:53","guid":{"rendered":"https:\/\/clarente.ee\/?page_id=838"},"modified":"2026-04-15T12:19:38","modified_gmt":"2026-04-15T12:19:38","slug":"tookuulutused","status":"publish","type":"page","link":"https:\/\/clarente.ee\/ru\/tookuulutused\/","title":{"rendered":"\u0412\u0430\u043a\u0430\u043d\u0441\u0438\u0438"},"content":{"rendered":"<div class=\"wp-block-columns alignwide is-layout-flex wp-container-core-columns-is-layout-e1fea541 wp-block-columns-is-layout-flex\" style=\"margin-top:var(--wp--preset--spacing--50)\">\n<div class=\"wp-block-column has-background-background-color has-background is-layout-flow wp-block-column-is-layout-flow\">\n<div class=\"wp-block-group has-border-color has-primary-border-color has-global-padding is-layout-constrained wp-container-core-group-is-layout-eb524166 wp-block-group-is-layout-constrained\" style=\"border-top-left-radius:12px;border-top-right-radius:12px;border-bottom-left-radius:12px;border-bottom-right-radius:12px;padding-top:var(--wp--preset--spacing--40);padding-right:var(--wp--preset--spacing--30);padding-bottom:var(--wp--preset--spacing--40);padding-left:var(--wp--preset--spacing--30)\">\n<h2 class=\"wp-block-heading has-text-align-center has-foreground-color has-text-color has-link-color wp-elements-e53a29c8c10a31d9c2d8988d5f3b1ab2\" style=\"margin-top:12px\">\u041f\u0441\u0438\u0445\u043e\u043b\u043e\u0433<\/h2>\n\n\n\n<h5 class=\"wp-block-heading has-text-align-left has-foreground-color has-text-color has-link-color wp-elements-2876c77afde7acb8bd2fc642c8ddec01\" style=\"margin-top:16px;font-size:clamp(14px, 0.875rem + ((1vw - 3.2px) * 0.625), 20px);\">\u041c\u044b \u0438\u0449\u0435\u043c \u0432 \u043d\u0430\u0448\u0443 \u043a\u043e\u043c\u0430\u043d\u0434\u0443 \u043f\u0441\u0438\u0445\u043e\u043b\u043e\u0433\u0430 \u043d\u0430 \u0447\u0430\u0441\u0442\u0438\u0447\u043d\u0443\u044e \u0437\u0430\u043d\u044f\u0442\u043e\u0441\u0442\u044c.                 <\/h5>\n\n\n\n<p><strong>\u0421\u043e\u0434\u0435\u0440\u0436\u0430\u043d\u0438\u0435 \u0440\u0430\u0431\u043e\u0442\u044b:<\/strong><br>\u041f\u0440\u043e\u0432\u0435\u0434\u0435\u043d\u0438\u0435 \u043f\u0441\u0438\u0445\u043e\u043b\u043e\u0433\u0438\u0447\u0435\u0441\u043a\u043e\u0433\u043e \u043a\u043e\u043d\u0441\u0443\u043b\u044c\u0442\u0438\u0440\u043e\u0432\u0430\u043d\u0438\u044f \u0432 \u0440\u0430\u043c\u043a\u0430\u0445 \u0440\u0435\u0430\u0431\u0438\u043b\u0438\u0442\u0430\u0446\u0438\u043e\u043d\u043d\u044b\u0445 \u0438 \u0434\u0440\u0443\u0433\u0438\u0445 \u0443\u0441\u043b\u0443\u0433.<\/p>\n\n\n\n<p><strong>\u0422\u0440\u0435\u0431\u043e\u0432\u0430\u043d\u0438\u044f \u043a \u043a\u0430\u043d\u0434\u0438\u0434\u0430\u0442\u0443:<\/strong><\/p>\n\n\n\n<ul class=\"wp-block-list\">\n<li>\u041c\u0430\u0433\u0438\u0441\u0442\u0435\u0440\u0441\u043a\u0430\u044f \u0441\u0442\u0435\u043f\u0435\u043d\u044c \u0432 \u043e\u0431\u043b\u0430\u0441\u0442\u0438 \u043f\u0441\u0438\u0445\u043e\u043b\u043e\u0433\u0438\u0438<\/li>\n\n\n\n<li>\u0413\u043e\u0442\u043e\u0432\u043d\u043e\u0441\u0442\u044c \u0440\u0430\u0431\u043e\u0442\u0430\u0442\u044c \u0441 \u0440\u0430\u0437\u043b\u0438\u0447\u043d\u044b\u043c\u0438 \u0446\u0435\u043b\u0435\u0432\u044b\u043c\u0438 \u0433\u0440\u0443\u043f\u043f\u0430\u043c\u0438<\/li>\n\n\n\n<li>\u0425\u043e\u0440\u043e\u0448\u0438\u0435 \u043a\u043e\u043c\u043c\u0443\u043d\u0438\u043a\u0430\u0442\u0438\u0432\u043d\u044b\u0435 \u043d\u0430\u0432\u044b\u043a\u0438 \u0438 \u0447\u0443\u0432\u0441\u0442\u0432\u043e \u043e\u0442\u0432\u0435\u0442\u0441\u0442\u0432\u0435\u043d\u043d\u043e\u0441\u0442\u0438<\/li>\n\n\n\n<li>\u041e\u0447\u0435\u043d\u044c \u0445\u043e\u0440\u043e\u0448\u0435\u0435 \u0437\u043d\u0430\u043d\u0438\u0435 \u044d\u0441\u0442\u043e\u043d\u0441\u043a\u043e\u0433\u043e \u044f\u0437\u044b\u043a\u0430 \u043a\u0430\u043a \u0443\u0441\u0442\u043d\u043e, \u0442\u0430\u043a \u0438 \u043f\u0438\u0441\u044c\u043c\u0435\u043d\u043d\u043e<\/li>\n<\/ul>\n\n\n\n<p><strong>\u0421\u043e \u0441\u0432\u043e\u0435\u0439 \u0441\u0442\u043e\u0440\u043e\u043d\u044b \u043c\u044b \u043f\u0440\u0435\u0434\u043b\u0430\u0433\u0430\u0435\u043c:<\/strong><\/p>\n\n\n\n<ul class=\"wp-block-list\">\n<li>\u0413\u0438\u0431\u043a\u0438\u0439 \u0433\u0440\u0430\u0444\u0438\u043a, \u0447\u0430\u0441\u0442\u0438\u0447\u043d\u0430\u044f \u0437\u0430\u043d\u044f\u0442\u043e\u0441\u0442\u044c<\/li>\n\n\n\n<li>\u0421\u043e\u0432\u0440\u0435\u043c\u0435\u043d\u043d\u0430\u044f \u0440\u0430\u0431\u043e\u0447\u0430\u044f \u0441\u0440\u0435\u0434\u0430 \u043d\u0430 \u0443\u043b\u0438\u0446\u0435 Mustam\u00e4e tee \u0441 \u0431\u0435\u0441\u043f\u043b\u0430\u0442\u043d\u043e\u0439 \u043f\u0430\u0440\u043a\u043e\u0432\u043a\u043e\u0439<\/li>\n\n\n\n<li>\u041f\u043e\u0434\u0434\u0435\u0440\u0436\u0438\u0432\u0430\u044e\u0449\u0430\u044f \u0438 \u0434\u0440\u0443\u0436\u0435\u043b\u044e\u0431\u043d\u0430\u044f \u043a\u043e\u043c\u0430\u043d\u0434\u0430<\/li>\n<\/ul>\n\n\n\n<div class=\"wp-block-buttons is-layout-flex wp-block-buttons-is-layout-flex\" style=\"margin-top:var(--wp--preset--spacing--40)\">\n<div class=\"wp-block-button has-custom-width wp-block-button__width-100\"><a class=\"wp-block-button__link wp-element-button\" href=\"https:\/\/clarente.ee\/ru\/kontakt\/\">\u041f\u043e\u0434\u0430\u0439\u0442\u0435 \u0437\u0430\u044f\u0432\u043a\u0443 \u043f\u0440\u044f\u043c\u043e \u0441\u0435\u0439\u0447\u0430\u0441<\/a><\/div>\n<\/div>\n<\/div>\n<\/div>\n<\/div>\n\n\n\n<p><\/p>","protected":false},"excerpt":{"rendered":"<p>Ps\u00fchholoog Otsime enda meeskonda osalise koormusega ps\u00fchholoogi. T\u00f6\u00f6 sisu:Ps\u00fchholoogilise n\u00f5ustamise l\u00e4biviimine rehabilitatsiooni ja teiste teenuste raames. Ootused kandidaadile: Omalt poolt pakume:<\/p>","protected":false},"author":2,"featured_media":0,"parent":0,"menu_order":0,"comment_status":"closed","ping_status":"closed","template":"no-title","meta":{"footnotes":""},"class_list":["post-838","page","type-page","status-publish","hentry"],"aioseo_notices":[],"_links":{"self":[{"href":"https:\/\/clarente.ee\/ru\/wp-json\/wp\/v2\/pages\/838","targetHints":{"allow":["GET"]}}],"collection":[{"href":"https:\/\/clarente.ee\/ru\/wp-json\/wp\/v2\/pages"}],"about":[{"href":"https:\/\/clarente.ee\/ru\/wp-json\/wp\/v2\/types\/page"}],"author":[{"embeddable":true,"href":"https:\/\/clarente.ee\/ru\/wp-json\/wp\/v2\/users\/2"}],"replies":[{"embeddable":true,"href":"https:\/\/clarente.ee\/ru\/wp-json\/wp\/v2\/comments?post=838"}],"version-history":[{"count":8,"href":"https:\/\/clarente.ee\/ru\/wp-json\/wp\/v2\/pages\/838\/revisions"}],"predecessor-version":[{"id":987,"href":"https:\/\/clarente.ee\/ru\/wp-json\/wp\/v2\/pages\/838\/revisions\/987"}],"wp:attachment":[{"href":"https:\/\/clarente.ee\/ru\/wp-json\/wp\/v2\/media?parent=838"}],"curies":[{"name":"wp","href":"https:\/\/api.w.org\/{rel}","templated":true}]}}