{"id":836,"date":"2026-02-19T13:25:57","date_gmt":"2026-02-19T13:25:57","guid":{"rendered":"https:\/\/clarente.ee\/?page_id=836"},"modified":"2026-04-15T11:49:00","modified_gmt":"2026-04-15T11:49:00","slug":"privaatsuspoliitika","status":"publish","type":"page","link":"https:\/\/clarente.ee\/ru\/privaatsuspoliitika\/","title":{"rendered":"\u041f\u043e\u043b\u0438\u0442\u0438\u043a\u0430 \u043a\u043e\u043d\u0444\u0438\u0434\u0435\u043d\u0446\u0438\u0430\u043b\u044c\u043d\u043e\u0441\u0442\u0438"},"content":{"rendered":"<p><\/p>\n\n\n\n<p><strong>1. \u041e\u043f\u0435\u0440\u0430\u0442\u043e\u0440 \u043f\u0435\u0440\u0441\u043e\u043d\u0430\u043b\u044c\u043d\u044b\u0445 \u0434\u0430\u043d\u043d\u044b\u0445<\/strong><\/p>\n\n\n\n<p>\u041e\u043f\u0435\u0440\u0430\u0442\u043e\u0440\u043e\u043c \u043f\u0435\u0440\u0441\u043e\u043d\u0430\u043b\u044c\u043d\u044b\u0445 \u0434\u0430\u043d\u043d\u044b\u0445 \u044f\u0432\u043b\u044f\u0435\u0442\u0441\u044f Clarente O\u00dc.<br>\u0420\u0435\u0433\u0438\u0441\u0442\u0440\u0430\u0446\u0438\u043e\u043d\u043d\u044b\u0439 \u043a\u043e\u0434: 16897498<br>\u0410\u0434\u0440\u0435\u0441: Mustam\u00e4e tee 46, Tallinn<br>\u042d\u043b\u0435\u043a\u0442\u0440\u043e\u043d\u043d\u0430\u044f \u043f\u043e\u0447\u0442\u0430: info@clarente.<\/p>\n\n\n\n<p><strong>2. \u0422\u0435\u0440\u043c\u0438\u043d\u044b<\/strong><\/p>\n\n\n\n<p><strong>\u041f\u0435\u0440\u0441\u043e\u043d\u0430\u043b\u044c\u043d\u044b\u0435 \u0434\u0430\u043d\u043d\u044b\u0435 <\/strong>\u2013 \u043b\u044e\u0431\u0430\u044f \u0438\u043d\u0444\u043e\u0440\u043c\u0430\u0446\u0438\u044f, \u043e\u0442\u043d\u043e\u0441\u044f\u0449\u0430\u044f\u0441\u044f \u043a \u0438\u0434\u0435\u043d\u0442\u0438\u0444\u0438\u0446\u0438\u0440\u043e\u0432\u0430\u043d\u043d\u043e\u043c\u0443 \u0438\u043b\u0438 \u0438\u0434\u0435\u043d\u0442\u0438\u0444\u0438\u0446\u0438\u0440\u0443\u0435\u043c\u043e\u043c\u0443 \u0444\u0438\u0437\u0438\u0447\u0435\u0441\u043a\u043e\u043c\u0443 \u043b\u0438\u0446\u0443.<br><strong>\u0421\u043f\u0435\u0446\u0438\u0430\u043b\u044c\u043d\u044b\u0435 \u043a\u0430\u0442\u0435\u0433\u043e\u0440\u0438\u0438 \u043f\u0435\u0440\u0441\u043e\u043d\u0430\u043b\u044c\u043d\u044b\u0445 \u0434\u0430\u043d\u043d\u044b\u0445<\/strong> \u2013 data concerning health and psychological condition.<br><strong>\u041e\u0431\u0440\u0430\u0431\u043e\u0442\u043a\u0430 <\/strong>\u2013 \u0441\u0431\u043e\u0440, \u0445\u0440\u0430\u043d\u0435\u043d\u0438\u0435, \u0438\u0441\u043f\u043e\u043b\u044c\u0437\u043e\u0432\u0430\u043d\u0438\u0435, \u043f\u0435\u0440\u0435\u0434\u0430\u0447\u0430 \u0438 \u0438\u043d\u0430\u044f \u043e\u0431\u0440\u0430\u0431\u043e\u0442\u043a\u0430 \u0434\u0430\u043d\u043d\u044b\u0445.<\/p>\n\n\n\n<p><strong>3. \u041a\u0430\u0442\u0435\u0433\u043e\u0440\u0438\u0438 \u043e\u0431\u0440\u0430\u0431\u0430\u0442\u044b\u0432\u0430\u0435\u043c\u044b\u0445 \u043f\u0435\u0440\u0441\u043e\u043d\u0430\u043b\u044c\u043d\u044b\u0445 \u0434\u0430\u043d\u043d\u044b\u0445<\/strong><\/p>\n\n\n\n<p><strong>3.1 \u041e\u0431\u044b\u0447\u043d\u044b\u0435 \u043f\u0435\u0440\u0441\u043e\u043d\u0430\u043b\u044c\u043d\u044b\u0435 \u0434\u0430\u043d\u043d\u044b\u0435<br><\/strong>\u2013 \u0438\u043c\u044f;<br>\u2013 \u043b\u0438\u0447\u043d\u044b\u0439 \u0438\u0434\u0435\u043d\u0442\u0438\u0444\u0438\u043a\u0430\u0446\u0438\u043e\u043d\u043d\u044b\u0439 \u043a\u043e\u0434;<br>\u2013 \u043d\u043e\u043c\u0435\u0440 \u0442\u0435\u043b\u0435\u0444\u043e\u043d\u0430;<br>\u2013 \u0430\u0434\u0440\u0435\u0441 \u044d\u043b\u0435\u043a\u0442\u0440\u043e\u043d\u043d\u043e\u0439 \u043f\u043e\u0447\u0442\u044b;<br>\u2013 \u0441\u043e\u0434\u0435\u0440\u0436\u0430\u043d\u0438\u0435 \u043e\u0431\u0449\u0435\u043d\u0438\u044f;<\/p>\n\n\n\n<p><strong>3.2 \u0421\u043f\u0435\u0446\u0438\u0430\u043b\u044c\u043d\u044b\u0435 \u043a\u0430\u0442\u0435\u0433\u043e\u0440\u0438\u0438 \u043f\u0435\u0440\u0441\u043e\u043d\u0430\u043b\u044c\u043d\u044b\u0445 \u0434\u0430\u043d\u043d\u044b\u0445<br><\/strong>\u2013 \u0434\u0430\u043d\u043d\u044b\u0435 \u043e \u0441\u043e\u0441\u0442\u043e\u044f\u043d\u0438\u0438 \u0437\u0434\u043e\u0440\u043e\u0432\u044c\u044f (\u0432\u043a\u043b\u044e\u0447\u0430\u044f \u043f\u0441\u0438\u0445\u0438\u0447\u0435\u0441\u043a\u043e\u0435 \u0437\u0434\u043e\u0440\u043e\u0432\u044c\u0435);<br>\u2013 \u043e\u0446\u0435\u043d\u043a\u0438 \u0438 \u043f\u043b\u0430\u043d\u044b \u0434\u0435\u0439\u0441\u0442\u0432\u0438\u0439, \u0441\u043e\u0431\u0440\u0430\u043d\u043d\u044b\u0435 \u0432 \u0445\u043e\u0434\u0435 \u0440\u0435\u0430\u0431\u0438\u043b\u0438\u0442\u0430\u0446\u0438\u0438;<br>\u2013 \u0438\u043d\u0444\u043e\u0440\u043c\u0430\u0446\u0438\u044f, \u0441\u043e\u0431\u0440\u0430\u043d\u043d\u0430\u044f \u0432 \u0445\u043e\u0434\u0435 \u043a\u043e\u043d\u0441\u0443\u043b\u044c\u0442\u0438\u0440\u043e\u0432\u0430\u043d\u0438\u044f.<\/p>\n\n\n\n<p><strong>4. \u0426\u0435\u043b\u0438 \u043e\u0431\u0440\u0430\u0431\u043e\u0442\u043a\u0438 \u043f\u0435\u0440\u0441\u043e\u043d\u0430\u043b\u044c\u043d\u044b\u0445 \u0434\u0430\u043d\u043d\u044b\u0445<\/strong><\/p>\n\n\n\n<p>\u041f\u0435\u0440\u0441\u043e\u043d\u0430\u043b\u044c\u043d\u044b\u0435 \u0434\u0430\u043d\u043d\u044b\u0435 \u043e\u0431\u0440\u0430\u0431\u0430\u0442\u044b\u0432\u0430\u044e\u0442\u0441\u044f \u0432 \u0441\u043b\u0435\u0434\u0443\u044e\u0449\u0438\u0445 \u0446\u0435\u043b\u044f\u0445:<\/p>\n\n\n\n<p>\u2013 \u043e\u043a\u0430\u0437\u0430\u043d\u0438\u0435 \u0443\u0441\u043b\u0443\u0433 \u0440\u0435\u0430\u0431\u0438\u043b\u0438\u0442\u0430\u0446\u0438\u0438 \u0438 \u043a\u043e\u043d\u0441\u0443\u043b\u044c\u0442\u0438\u0440\u043e\u0432\u0430\u043d\u0438\u044f;<br>\u2013 \u043f\u043b\u0430\u043d\u0438\u0440\u043e\u0432\u0430\u043d\u0438\u0435 \u0438 \u0434\u043e\u043a\u0443\u043c\u0435\u043d\u0442\u0438\u0440\u043e\u0432\u0430\u043d\u0438\u0435 \u0443\u0441\u043b\u0443\u0433;<br>\u2013 \u0432\u0437\u0430\u0438\u043c\u043e\u0434\u0435\u0439\u0441\u0442\u0432\u0438\u0435 \u0441 \u043a\u043b\u0438\u0435\u043d\u0442\u043e\u043c;<br>\u2013 \u043e\u0442\u0447\u0435\u0442\u043d\u043e\u0441\u0442\u044c \u043f\u0435\u0440\u0435\u0434 \u0444\u0438\u043d\u0430\u043d\u0441\u0438\u0440\u0443\u044e\u0449\u0438\u043c\u0438 \u043e\u0440\u0433\u0430\u043d\u0438\u0437\u0430\u0446\u0438\u044f\u043c\u0438 \u0438 \u043f\u0430\u0440\u0442\u043d\u0435\u0440\u0430\u043c\u0438;<br>\u2013 \u0432\u044b\u043f\u043e\u043b\u043d\u0435\u043d\u0438\u0435 \u0442\u0440\u0435\u0431\u043e\u0432\u0430\u043d\u0438\u0439 \u0437\u0430\u043a\u043e\u043d\u043e\u0434\u0430\u0442\u0435\u043b\u044c\u0441\u0442\u0432\u0430;<br>\u2013 \u043e\u0431\u0435\u0441\u043f\u0435\u0447\u0435\u043d\u0438\u0435 \u043a\u0430\u0447\u0435\u0441\u0442\u0432\u0430 \u0443\u0441\u043b\u0443\u0433.<\/p>\n\n\n\n<p><strong>5. \u041f\u0440\u0430\u0432\u043e\u0432\u044b\u0435 \u043e\u0441\u043d\u043e\u0432\u0430\u043d\u0438\u044f \u043e\u0431\u0440\u0430\u0431\u043e\u0442\u043a\u0438 \u043f\u0435\u0440\u0441\u043e\u043d\u0430\u043b\u044c\u043d\u044b\u0445 \u0434\u0430\u043d\u043d\u044b\u0445<br><\/strong><\/p>\n\n\n\n<p><strong>5.1 \u041e\u0431\u044b\u0447\u043d\u044b\u0435 \u043f\u0435\u0440\u0441\u043e\u043d\u0430\u043b\u044c\u043d\u044b\u0435 \u0434\u0430\u043d\u043d\u044b\u0435<\/strong><br>\u2013 \u0438\u0441\u043f\u043e\u043b\u043d\u0435\u043d\u0438\u0435 \u0434\u043e\u0433\u043e\u0432\u043e\u0440\u0430 [GDPR \u0441\u0442\u0430\u0442\u044c\u044f 6(1)(b)];<br>\u2013 \u0432\u044b\u043f\u043e\u043b\u043d\u0435\u043d\u0438\u0435 \u044e\u0440\u0438\u0434\u0438\u0447\u0435\u0441\u043a\u043e\u0433\u043e \u043e\u0431\u044f\u0437\u0430\u0442\u0435\u043b\u044c\u0441\u0442\u0432\u0430 [GDPR \u0441\u0442\u0430\u0442\u044c\u044f 6(1)(c)];<br>\u2013 \u0437\u0430\u043a\u043e\u043d\u043d\u044b\u0439 \u0438\u043d\u0442\u0435\u0440\u0435\u0441 [GDPR \u0441\u0442\u0430\u0442\u044c\u044f 6(1)(f)];<br>\u2013 \u0441\u043e\u0433\u043b\u0430\u0441\u0438\u0435 [GDPR \u0441\u0442\u0430\u0442\u044c\u044f 6(1)(a)]. <\/p>\n\n\n\n<p><br><strong>5.2 \u0421\u043f\u0435\u0446\u0438\u0430\u043b\u044c\u043d\u044b\u0435 \u043a\u0430\u0442\u0435\u0433\u043e\u0440\u0438\u0438 \u043f\u0435\u0440\u0441\u043e\u043d\u0430\u043b\u044c\u043d\u044b\u0445 \u0434\u0430\u043d\u043d\u044b\u0445<\/strong><\/p>\n\n\n\n<p>\u041e\u0431\u0440\u0430\u0431\u043e\u0442\u043a\u0430 \u0434\u0430\u043d\u043d\u044b\u0445 \u043e \u0441\u043e\u0441\u0442\u043e\u044f\u043d\u0438\u0438 \u0437\u0434\u043e\u0440\u043e\u0432\u044c\u044f \u043e\u0441\u0443\u0449\u0435\u0441\u0442\u0432\u043b\u044f\u0435\u0442\u0441\u044f \u0432 \u0441\u043e\u043e\u0442\u0432\u0435\u0442\u0441\u0442\u0432\u0438\u0438 \u0441<br>\u0441\u0442\u0430\u0442\u044c\u0451\u0439 9(2) GDPR, \u0432 \u0447\u0430\u0441\u0442\u043d\u043e\u0441\u0442\u0438:<\/p>\n\n\n\n<p>\u2013 \u043f\u0443\u043d\u043a\u0442 (h) \u2013 \u0434\u043b\u044f \u043e\u043a\u0430\u0437\u0430\u043d\u0438\u044f \u043c\u0435\u0434\u0438\u0446\u0438\u043d\u0441\u043a\u0438\u0445 \u0438 \u0441\u043e\u0446\u0438\u0430\u043b\u044c\u043d\u044b\u0445 \u0443\u0441\u043b\u0443\u0433;<br>\u2013 \u043f\u0443\u043d\u043a\u0442 (a) \u2013 \u043d\u0430 \u043e\u0441\u043d\u043e\u0432\u0430\u043d\u0438\u0438 \u0441\u043e\u0433\u043b\u0430\u0441\u0438\u044f \u043a\u043b\u0438\u0435\u043d\u0442\u0430 (\u043f\u0440\u0438 \u043d\u0435\u043e\u0431\u0445\u043e\u0434\u0438\u043c\u043e\u0441\u0442\u0438).<\/p>\n\n\n\n<p><strong>6. \u0418\u0441\u0442\u043e\u0447\u043d\u0438\u043a\u0438 \u043f\u0435\u0440\u0441\u043e\u043d\u0430\u043b\u044c\u043d\u044b\u0445 \u0434\u0430\u043d\u043d\u044b\u0445<\/strong><\/p>\n\n\n\n<p>\u041f\u0435\u0440\u0441\u043e\u043d\u0430\u043b\u044c\u043d\u044b\u0435 \u0434\u0430\u043d\u043d\u044b\u0435 \u0441\u043e\u0431\u0438\u0440\u0430\u044e\u0442\u0441\u044f:<\/p>\n\n\n\n<p>\u2013 \u043e\u0442 \u0441\u0430\u043c\u043e\u0433\u043e \u043a\u043b\u0438\u0435\u043d\u0442\u0430;<br>\u2013 \u0447\u0435\u0440\u0435\u0437 T\u00f6\u00f6tukassa; <br>\u2013 \u0447\u0435\u0440\u0435\u0437 Sotsiaalkindlustusamet;<br>\u2013 \u043e\u0442 \u043f\u0430\u0440\u0442\u043d\u0451\u0440\u043e\u0432 (\u043d\u0430\u043f\u0440\u0438\u043c\u0435\u0440, \u043d\u0430\u043f\u0440\u0430\u0432\u043b\u044f\u044e\u0449\u0438\u0445 \u0441\u043f\u0435\u0446\u0438\u0430\u043b\u0438\u0441\u0442\u043e\u0432). <\/p>\n\n\n\n<p><strong>7. \u041f\u0435\u0440\u0435\u0434\u0430\u0447\u0430 \u0434\u0430\u043d\u043d\u044b\u0445<\/strong><\/p>\n\n\n\n<p>\u041f\u0435\u0440\u0441\u043e\u043d\u0430\u043b\u044c\u043d\u044b\u0435 \u0434\u0430\u043d\u043d\u044b\u0435 \u043f\u0435\u0440\u0435\u0434\u0430\u044e\u0442\u0441\u044f \u0442\u043e\u043b\u044c\u043a\u043e \u0432 \u0441\u043b\u0443\u0447\u0430\u0435, \u0435\u0441\u043b\u0438 \u044d\u0442\u043e \u043d\u0435\u043e\u0431\u0445\u043e\u0434\u0438\u043c\u043e \u0434\u043b\u044f \u043e\u043a\u0430\u0437\u0430\u043d\u0438\u044f \u0443\u0441\u043b\u0443\u0433\u0438 \u0438\u043b\u0438 \u043f\u0440\u0435\u0434\u0443\u0441\u043c\u043e\u0442\u0440\u0435\u043d\u043e \u0437\u0430\u043a\u043e\u043d\u043e\u043c.<\/p>\n\n\n\n<p>\u0412\u043e\u0437\u043c\u043e\u0436\u043d\u044b\u0435 \u043f\u043e\u043b\u0443\u0447\u0430\u0442\u0435\u043b\u0438:<\/p>\n\n\n\n<p>\u2013  T\u00f6\u00f6tukassa;<br>\u2013 Sotsiaalkindlustusamet;<br>\u2013 \u0441\u043f\u0435\u0446\u0438\u0430\u043b\u0438\u0441\u0442\u044b, \u0443\u0447\u0430\u0441\u0442\u0432\u0443\u044e\u0449\u0438\u0435 \u0432 \u043e\u043a\u0430\u0437\u0430\u043d\u0438\u0438 \u0443\u0441\u043b\u0443\u0433\u0438 (\u043d\u0430\u043f\u0440\u0438\u043c\u0435\u0440, \u043f\u0441\u0438\u0445\u043e\u043b\u043e\u0433, \u0441\u043e\u0446\u0438\u0430\u043b\u044c\u043d\u044b\u0439 \u0440\u0430\u0431\u043e\u0442\u043d\u0438\u043a, \u0444\u0438\u0437\u0438\u043e\u0442\u0435\u0440\u0430\u043f\u0435\u0432\u0442);<br>\u2013 \u043f\u043e\u0441\u0442\u0430\u0432\u0449\u0438\u043a\u0438 IT- \u0438 \u043f\u0440\u043e\u0433\u0440\u0430\u043c\u043c\u043d\u044b\u0445 \u0443\u0441\u043b\u0443\u0433.<\/p>\n\n\n\n<p><strong>8. \u041e\u0431\u0440\u0430\u0431\u043e\u0442\u0447\u0438\u043a\u0438 \u0438 \u0441\u0438\u0441\u0442\u0435\u043c\u044b \u043e\u0431\u0440\u0430\u0431\u043e\u0442\u043a\u0438 \u0434\u0430\u043d\u043d\u044b\u0445<\/strong><\/p>\n\n\n\n<p>\u041f\u0440\u0438 \u043e\u0431\u0440\u0430\u0431\u043e\u0442\u043a\u0435 \u043f\u0435\u0440\u0441\u043e\u043d\u0430\u043b\u044c\u043d\u044b\u0445 \u0434\u0430\u043d\u043d\u044b\u0445 \u0438\u0441\u043f\u043e\u043b\u044c\u0437\u0443\u044e\u0442\u0441\u044f \u0443\u043f\u043e\u043b\u043d\u043e\u043c\u043e\u0447\u0435\u043d\u043d\u044b\u0435 \u043e\u0431\u0440\u0430\u0431\u043e\u0442\u0447\u0438\u043a\u0438, \u0432\u043a\u043b\u044e\u0447\u0430\u044f:<\/p>\n\n\n\n<p>\u2013 Rehasoft (\u0443\u043f\u0440\u0430\u0432\u043b\u0435\u043d\u0438\u0435 \u0434\u0430\u043d\u043d\u044b\u043c\u0438 \u043a\u043b\u0438\u0435\u043d\u0442\u043e\u0432 \u0438 \u0432\u0435\u0434\u0435\u043d\u0438\u0435 \u0434\u043e\u043a\u0443\u043c\u0435\u043d\u0442\u0430\u0446\u0438\u0438);<br>\u2013 \u043f\u043e\u0440\u0442\u0430\u043b T\u00f6\u00f6tukassa (\u0443\u043f\u0440\u0430\u0432\u043b\u0435\u043d\u0438\u0435 \u0434\u0430\u043d\u043d\u044b\u043c\u0438 \u043a\u043b\u0438\u0435\u043d\u0442\u043e\u0432 \u0438 \u0432\u0435\u0434\u0435\u043d\u0438\u0435 \u0434\u043e\u043a\u0443\u043c\u0435\u043d\u0442\u0430\u0446\u0438\u0438);\n\u2013 \u043f\u043e\u0440\u0442\u0430\u043b Sotsiaalkindlustusamet (\u0443\u043f\u0440\u0430\u0432\u043b\u0435\u043d\u0438\u0435 \u0434\u0430\u043d\u043d\u044b\u043c\u0438 \u043a\u043b\u0438\u0435\u043d\u0442\u043e\u0432 \u0438 \u0432\u0435\u0434\u0435\u043d\u0438\u0435 \u0434\u043e\u043a\u0443\u043c\u0435\u043d\u0442\u0430\u0446\u0438\u0438).<\/p>\n\n\n\n<p>\u0421\u043e \u0432\u0441\u0435\u043c\u0438 \u043e\u0431\u0440\u0430\u0431\u043e\u0442\u0447\u0438\u043a\u0430\u043c\u0438 \u0437\u0430\u043a\u043b\u044e\u0447\u0435\u043d\u044b \u0434\u043e\u0433\u043e\u0432\u043e\u0440\u044b \u043e\u0431\u0440\u0430\u0431\u043e\u0442\u043a\u0438 \u0434\u0430\u043d\u043d\u044b\u0445 (DPA).<\/p>\n\n\n\n<p><strong>9. \u0425\u0440\u0430\u043d\u0435\u043d\u0438\u0435 \u0434\u0430\u043d\u043d\u044b\u0445<\/strong><\/p>\n\n\n\n<p>\u041f\u0435\u0440\u0441\u043e\u043d\u0430\u043b\u044c\u043d\u044b\u0435 \u0434\u0430\u043d\u043d\u044b\u0435 \u0445\u0440\u0430\u043d\u044f\u0442\u0441\u044f:<\/p>\n\n\n\n<p>\u2013 \u0432 \u0441\u043e\u043e\u0442\u0432\u0435\u0442\u0441\u0442\u0432\u0438\u0438 \u0441 \u043d\u0435\u043e\u0431\u0445\u043e\u0434\u0438\u043c\u043e\u0441\u0442\u044c\u044e \u043e\u043a\u0430\u0437\u0430\u043d\u0438\u044f \u0443\u0441\u043b\u0443\u0433\u0438;<br>\u2013 \u0432 \u0441\u043e\u043e\u0442\u0432\u0435\u0442\u0441\u0442\u0432\u0438\u0438 \u0441 \u0443\u0441\u0442\u0430\u043d\u043e\u0432\u043b\u0435\u043d\u043d\u044b\u043c\u0438 \u0437\u0430\u043a\u043e\u043d\u043e\u0434\u0430\u0442\u0435\u043b\u044c\u0441\u0442\u0432\u043e\u043c \u0441\u0440\u043e\u043a\u0430\u043c\u0438 \u0445\u0440\u0430\u043d\u0435\u043d\u0438\u044f;<br>\u2013 \u0432 \u0441\u043e\u043e\u0442\u0432\u0435\u0442\u0441\u0442\u0432\u0438\u0438 \u0441 \u0442\u0440\u0435\u0431\u043e\u0432\u0430\u043d\u0438\u044f\u043c\u0438 \u0444\u0438\u043d\u0430\u043d\u0441\u0438\u0440\u0443\u044e\u0449\u0438\u0445 \u043e\u0440\u0433\u0430\u043d\u0438\u0437\u0430\u0446\u0438\u0439.<\/p>\n\n\n\n<p>\u041a\u0430\u043a \u043f\u0440\u0430\u0432\u0438\u043b\u043e, \u0434\u043e\u043a\u0443\u043c\u0435\u043d\u0442\u044b, \u0441\u0432\u044f\u0437\u0430\u043d\u043d\u044b\u0435 \u0441 \u0443\u0441\u043b\u0443\u0433\u043e\u0439, \u0445\u0440\u0430\u043d\u044f\u0442\u0441\u044f 3\u20135 \u043b\u0435\u0442. \u041f\u043e \u0438\u0441\u0442\u0435\u0447\u0435\u043d\u0438\u0438 \u0441\u0440\u043e\u043a\u0430 \u0445\u0440\u0430\u043d\u0435\u043d\u0438\u044f \u0434\u0430\u043d\u043d\u044b\u0435 \u0443\u0434\u0430\u043b\u044f\u044e\u0442\u0441\u044f \u0438\u043b\u0438 \u0430\u043d\u043e\u043d\u0438\u043c\u0438\u0437\u0438\u0440\u0443\u044e\u0442\u0441\u044f.<\/p>\n\n\n\n<p><strong>10. \u0411\u0435\u0437\u043e\u043f\u0430\u0441\u043d\u043e\u0441\u0442\u044c \u0434\u0430\u043d\u043d\u044b\u0445<\/strong><\/p>\n\n\n\n<p>\u041c\u044b \u043f\u0440\u0438\u043c\u0435\u043d\u044f\u0435\u043c \u0441\u043b\u0435\u0434\u0443\u044e\u0449\u0438\u0435 \u043c\u0435\u0440\u044b \u0431\u0435\u0437\u043e\u043f\u0430\u0441\u043d\u043e\u0441\u0442\u0438:<\/p>\n\n\n\n<p>\u2013 \u043e\u0433\u0440\u0430\u043d\u0438\u0447\u0435\u043d\u0438\u044f \u0434\u043e\u0441\u0442\u0443\u043f\u0430 (\u0440\u043e\u043b\u0435\u0432\u043e\u0439 \u0434\u043e\u0441\u0442\u0443\u043f);<br>\u2013 \u0437\u0430\u0449\u0438\u0449\u0451\u043d\u043d\u044b\u0435 \u0438\u043d\u0444\u043e\u0440\u043c\u0430\u0446\u0438\u043e\u043d\u043d\u044b\u0435 \u0441\u0438\u0441\u0442\u0435\u043c\u044b; <br>\u2013 \u0448\u0438\u0444\u0440\u043e\u0432\u0430\u043d\u0438\u0435 \u0438 \u0440\u0435\u0437\u0435\u0440\u0432\u043d\u043e\u0435 \u043a\u043e\u043f\u0438\u0440\u043e\u0432\u0430\u043d\u0438\u0435 \u0434\u0430\u043d\u043d\u044b\u0445;<br>\u2013 \u043e\u0431\u044f\u0437\u0430\u043d\u043d\u043e\u0441\u0442\u044c \u0441\u043e\u0442\u0440\u0443\u0434\u043d\u0438\u043a\u043e\u0432 \u0441\u043e\u0431\u043b\u044e\u0434\u0430\u0442\u044c \u043a\u043e\u043d\u0444\u0438\u0434\u0435\u043d\u0446\u0438\u0430\u043b\u044c\u043d\u043e\u0441\u0442\u044c.<\/p>\n\n\n\n<p><strong>11. \u041f\u0440\u0430\u0432\u0430 \u0441\u0443\u0431\u044a\u0435\u043a\u0442\u0430 \u0434\u0430\u043d\u043d\u044b\u0445<\/strong><\/p>\n\n\n\n<p>\u0412\u044b \u0438\u043c\u0435\u0435\u0442\u0435 \u043f\u0440\u0430\u0432\u043e:<\/p>\n\n\n\n<p>\u2013 \u043d\u0430 \u0434\u043e\u0441\u0442\u0443\u043f \u043a \u0441\u0432\u043e\u0438\u043c \u043f\u0435\u0440\u0441\u043e\u043d\u0430\u043b\u044c\u043d\u044b\u043c \u0434\u0430\u043d\u043d\u044b\u043c;<br>\u2013 \u0442\u0440\u0435\u0431\u043e\u0432\u0430\u0442\u044c \u0438\u0441\u043f\u0440\u0430\u0432\u043b\u0435\u043d\u0438\u044f \u0434\u0430\u043d\u043d\u044b\u0445;<br>\u2013 \u0442\u0440\u0435\u0431\u043e\u0432\u0430\u0442\u044c \u0443\u0434\u0430\u043b\u0435\u043d\u0438\u044f \u0434\u0430\u043d\u043d\u044b\u0445 (\u0435\u0441\u043b\u0438 \u044d\u0442\u043e \u0434\u043e\u043f\u0443\u0441\u043a\u0430\u0435\u0442\u0441\u044f \u0437\u0430\u043a\u043e\u043d\u043e\u043c);<br>\u2013 \u043e\u0433\u0440\u0430\u043d\u0438\u0447\u0438\u0442\u044c \u043e\u0431\u0440\u0430\u0431\u043e\u0442\u043a\u0443 \u0434\u0430\u043d\u043d\u044b\u0445;<br>\u2013 \u0432\u043e\u0437\u0440\u0430\u0436\u0430\u0442\u044c \u043f\u0440\u043e\u0442\u0438\u0432 \u043e\u0431\u0440\u0430\u0431\u043e\u0442\u043a\u0438;<br>\u2013 \u043e\u0442\u043e\u0437\u0432\u0430\u0442\u044c \u0441\u043e\u0433\u043b\u0430\u0441\u0438\u0435. <\/p>\n\n\n\n<p><strong>\u0417\u0430\u043f\u0440\u043e\u0441\u044b \u043f\u0440\u043e\u0441\u0438\u043c \u043d\u0430\u043f\u0440\u0430\u0432\u043b\u044f\u0442\u044c \u043f\u043e \u044d\u043b\u0435\u043a\u0442\u0440\u043e\u043d\u043d\u043e\u0439 \u043f\u043e\u0447\u0442\u0435: info@clarente.ee<\/strong><\/p>\n\n\n\n<p>\u0412\u044b \u0442\u0430\u043a\u0436\u0435 \u0438\u043c\u0435\u0435\u0442\u0435 \u043f\u0440\u0430\u0432\u043e \u043e\u0431\u0440\u0430\u0442\u0438\u0442\u044c\u0441\u044f \u0432 Andmekaitse Inspektsioon.<\/p>\n\n\n\n<p><strong>12. \u0424\u0430\u0439\u043b\u044b cookie<\/strong><\/p>\n\n\n\n<p>\u0412\u0435\u0431-\u0441\u0430\u0439\u0442 \u0438\u0441\u043f\u043e\u043b\u044c\u0437\u0443\u0435\u0442 \u0444\u0430\u0439\u043b\u044b cookie \u0432 \u0441\u043b\u0435\u0434\u0443\u044e\u0449\u0438\u0445 \u0446\u0435\u043b\u044f\u0445:<\/p>\n\n\n\n<p>\u2013 \u0444\u0443\u043d\u043a\u0446\u0438\u043e\u043d\u0438\u0440\u043e\u0432\u0430\u043d\u0438\u0435 \u0432\u0435\u0431-\u0441\u0430\u0439\u0442\u0430;<br>\u2013 \u0441\u0431\u043e\u0440 \u0441\u0442\u0430\u0442\u0438\u0441\u0442\u0438\u043a\u0438 \u0438\u0441\u043f\u043e\u043b\u044c\u0437\u043e\u0432\u0430\u043d\u0438\u044f;<br>\u2013 \u0443\u043b\u0443\u0447\u0448\u0435\u043d\u0438\u0435 \u043f\u043e\u043b\u044c\u0437\u043e\u0432\u0430\u0442\u0435\u043b\u044c\u0441\u043a\u043e\u0433\u043e \u043e\u043f\u044b\u0442\u0430.<\/p>\n\n\n\n<p>\u041f\u043e\u043b\u044c\u0437\u043e\u0432\u0430\u0442\u0435\u043b\u044c \u0438\u043c\u0435\u0435\u0442 \u043f\u0440\u0430\u0432\u043e \u043e\u0433\u0440\u0430\u043d\u0438\u0447\u0438\u0442\u044c \u0438\u0441\u043f\u043e\u043b\u044c\u0437\u043e\u0432\u0430\u043d\u0438\u0435 \u0444\u0430\u0439\u043b\u043e\u0432 cookie \u0432 \u043d\u0430\u0441\u0442\u0440\u043e\u0439\u043a\u0430\u0445 \u0441\u0432\u043e\u0435\u0433\u043e \u0431\u0440\u0430\u0443\u0437\u0435\u0440\u0430.<\/p>\n\n\n\n<p><strong>13. \u0418\u0437\u043c\u0435\u043d\u0435\u043d\u0438\u0435 \u043f\u043e\u043b\u0438\u0442\u0438\u043a\u0438 \u043a\u043e\u043d\u0444\u0438\u0434\u0435\u043d\u0446\u0438\u0430\u043b\u044c\u043d\u043e\u0441\u0442\u0438<\/strong><\/p>\n\n\n\n<p>Clarente O\u00dc \u043e\u0441\u0442\u0430\u0432\u043b\u044f\u0435\u0442 \u0437\u0430 \u0441\u043e\u0431\u043e\u0439 \u043f\u0440\u0430\u0432\u043e \u0438\u0437\u043c\u0435\u043d\u044f\u0442\u044c \u043f\u043e\u043b\u0438\u0442\u0438\u043a\u0443 \u043a\u043e\u043d\u0444\u0438\u0434\u0435\u043d\u0446\u0438\u0430\u043b\u044c\u043d\u043e\u0441\u0442\u0438.<br>\u0410\u043a\u0442\u0443\u0430\u043b\u044c\u043d\u0430\u044f \u0432\u0435\u0440\u0441\u0438\u044f \u0432\u0441\u0435\u0433\u0434\u0430 \u0434\u043e\u0441\u0442\u0443\u043f\u043d\u0430 \u043d\u0430 \u0441\u0430\u0439\u0442\u0435.<\/p>\n\n\n\n<p><\/p>","protected":false},"excerpt":{"rendered":"<p>1. Vastutav t\u00f6\u00f6tleja Vastutav t\u00f6\u00f6tleja on Clarente O\u00dcRegistrikood: 16897498Aadress: Mustam\u00e4e tee 46, TallinnE-post: info@clarente.ee 2. M\u00f5isted Isikuandmed \u2013 igasugune teave tuvastatud v\u00f5i tuvastatava f\u00fc\u00fcsilise isiku kohta.Eriliigilised isikuandmed \u2013 andmed tervise ja ps\u00fchholoogilise seisundi ja kohta.T\u00f6\u00f6tlemine \u2013 andmete kogumine, s\u00e4ilitamine, kasutamine, edastamine jm. 3. T\u00f6\u00f6deldavate isikuandmete kategooriad 3.1 Tavap\u00e4rased isikuandmed&#8211; nimi;&#8211; isikukood;&#8211; telefoninumber;&#8211; e-posti aadress;&#8211; suhtluse [&hellip;]<\/p>\n","protected":false},"author":2,"featured_media":0,"parent":0,"menu_order":0,"comment_status":"closed","ping_status":"closed","template":"no-title","meta":{"footnotes":""},"class_list":["post-836","page","type-page","status-publish","hentry"],"aioseo_notices":[],"_links":{"self":[{"href":"https:\/\/clarente.ee\/ru\/wp-json\/wp\/v2\/pages\/836","targetHints":{"allow":["GET"]}}],"collection":[{"href":"https:\/\/clarente.ee\/ru\/wp-json\/wp\/v2\/pages"}],"about":[{"href":"https:\/\/clarente.ee\/ru\/wp-json\/wp\/v2\/types\/page"}],"author":[{"embeddable":true,"href":"https:\/\/clarente.ee\/ru\/wp-json\/wp\/v2\/users\/2"}],"replies":[{"embeddable":true,"href":"https:\/\/clarente.ee\/ru\/wp-json\/wp\/v2\/comments?post=836"}],"version-history":[{"count":3,"href":"https:\/\/clarente.ee\/ru\/wp-json\/wp\/v2\/pages\/836\/revisions"}],"predecessor-version":[{"id":986,"href":"https:\/\/clarente.ee\/ru\/wp-json\/wp\/v2\/pages\/836\/revisions\/986"}],"wp:attachment":[{"href":"https:\/\/clarente.ee\/ru\/wp-json\/wp\/v2\/media?parent=836"}],"curies":[{"name":"wp","href":"https:\/\/api.w.org\/{rel}","templated":true}]}}