{"id":648,"date":"2026-02-12T19:04:53","date_gmt":"2026-02-12T19:04:53","guid":{"rendered":"https:\/\/clarente.ee\/?page_id=648"},"modified":"2026-03-27T11:59:17","modified_gmt":"2026-03-27T11:59:17","slug":"avaleht-mustand","status":"publish","type":"page","link":"https:\/\/clarente.ee\/ru\/","title":{"rendered":"Clarente \u2013 hooliv vaimse tervise tugi t\u00e4iskasvanutele"},"content":{"rendered":"<div class=\"wp-block-group alignfull has-global-padding is-content-justification-center is-layout-constrained wp-container-core-group-is-layout-df757ecc wp-block-group-is-layout-constrained\" style=\"margin-top:0;margin-bottom:0;padding-top:calc( 0.5 * var(--wp--style--root--padding-right, var(--wp--custom--gap--horizontal)));padding-right:var(--wp--style--root--padding-right, var(--wp--custom--gap--horizontal));padding-bottom:calc( 0.5 * var(--wp--style--root--padding-right, var(--wp--custom--gap--horizontal)));padding-left:var(--wp--style--root--padding-left, var(--wp--custom--gap--horizontal))\">\n<div class=\"wp-block-media-text alignfull has-media-on-the-right is-stacked-on-mobile no-mobile-padding\" style=\"padding-right:var(--wp--preset--spacing--30);padding-left:var(--wp--preset--spacing--30);grid-template-columns:auto 29%\"><div class=\"wp-block-media-text__content\">\n<h2 class=\"wp-block-heading\">\u0423\u0441\u043b\u0443\u0433\u0438 \u043f\u0441\u0438\u0445\u0438\u0447\u0435\u0441\u043a\u043e\u0433\u043e \u0437\u0434\u043e\u0440\u043e\u0432\u044c\u044f \u0434\u043b\u044f \u0432\u0437\u0440\u043e\u0441\u043b\u044b\u0445<\/h2>\n\n\n\n<p class=\"has-medium-font-size\">\u0417\u0430\u043f\u0438\u0441\u0430\u0442\u044c\u0441\u044f \u043d\u0430 \u043f\u0440\u0438\u0451\u043c <a href=\"tel: +372 5699 4075\" title=\"+372 5699 4075 \"><mark style=\"background-color:rgba(0, 0, 0, 0);color:#1e180d\" class=\"has-inline-color\"><strong>+372 5699 4075<\/strong> <\/mark><\/a><br>\u0438\u043b\u0438 \u043d\u0430\u043f\u0438\u0448\u0438\u0442\u0435 \u043d\u0430\u043c <strong><a href=\"mailto:info@clarente.ee\" title=\"\"><mark style=\"background-color:rgba(0, 0, 0, 0);color:#1e180d\" class=\"has-inline-color\">info@clarente.ee<\/mark><\/a><\/strong><\/p>\n\n\n\n<div class=\"wp-block-buttons hero-mobile-center is-content-justification-left is-layout-flex wp-container-core-buttons-is-layout-15e46dc2 wp-block-buttons-is-layout-flex\" style=\"margin-bottom:var(--wp--preset--spacing--40)\">\n<div class=\"wp-block-button\"><a class=\"wp-block-button__link wp-element-button\" href=\"https:\/\/clarente.ee\/ru\/kontakt\/\">\u0417\u0430\u043f\u0438\u0441\u0430\u0442\u044c\u0441\u044f \u043d\u0430 \u043f\u0440\u0438\u0451\u043c<\/a><\/div>\n<\/div>\n<\/div><figure class=\"wp-block-media-text__media\"><img loading=\"lazy\" decoding=\"async\" width=\"850\" height=\"1024\" src=\"https:\/\/clarente.ee\/wp-content\/uploads\/2026\/02\/unnamed-850x1024.jpg\" alt=\"\" class=\"wp-image-840 size-full\" srcset=\"https:\/\/clarente.ee\/wp-content\/uploads\/2026\/02\/unnamed-850x1024.jpg 850w, https:\/\/clarente.ee\/wp-content\/uploads\/2026\/02\/unnamed-249x300.jpg 249w, https:\/\/clarente.ee\/wp-content\/uploads\/2026\/02\/unnamed-768x925.jpg 768w, https:\/\/clarente.ee\/wp-content\/uploads\/2026\/02\/unnamed-10x12.jpg 10w, https:\/\/clarente.ee\/wp-content\/uploads\/2026\/02\/unnamed-600x723.jpg 600w, https:\/\/clarente.ee\/wp-content\/uploads\/2026\/02\/unnamed.jpg 1199w\" sizes=\"auto, (max-width: 850px) 100vw, 850px\" \/><\/figure><\/div>\n<\/div>\n\n\n\n<div class=\"wp-block-group alignfull has-global-padding is-content-justification-center is-layout-constrained wp-container-core-group-is-layout-df757ecc wp-block-group-is-layout-constrained\" style=\"margin-top:0;margin-bottom:0;padding-top:calc( 0.5 * var(--wp--style--root--padding-right, var(--wp--custom--gap--horizontal)));padding-right:var(--wp--style--root--padding-right, var(--wp--custom--gap--horizontal));padding-bottom:calc( 0.5 * var(--wp--style--root--padding-right, var(--wp--custom--gap--horizontal)));padding-left:var(--wp--style--root--padding-left, var(--wp--custom--gap--horizontal))\">\n<h2 class=\"wp-block-heading alignwide has-large-font-size\" style=\"border-style:none;border-width:0px;padding-top:0;padding-right:0;padding-bottom:0;padding-left:0\">\u041c\u044b \u043e\u043a\u0430\u0437\u044b\u0432\u0430\u0435\u043c \u043f\u043e\u0434\u0434\u0435\u0440\u0436\u043a\u0443 \u0432\u0437\u0440\u043e\u0441\u043b\u044b\u043c, \u043a\u043e\u0442\u043e\u0440\u044b\u0435 \u0438\u0441\u043f\u044b\u0442\u044b\u0432\u0430\u044e\u0442 \u044d\u043c\u043e\u0446\u0438\u043e\u043d\u0430\u043b\u044c\u043d\u044b\u0435 \u0442\u0440\u0443\u0434\u043d\u043e\u0441\u0442\u0438 \u0438\u043b\u0438 \u0441\u0442\u0430\u043b\u043a\u0438\u0432\u0430\u044e\u0442\u0441\u044f \u0441 \u0432\u044b\u0437\u043e\u0432\u0430\u043c\u0438, \u0441\u0432\u044f\u0437\u0430\u043d\u043d\u044b\u043c\u0438 \u0441 \u0444\u0438\u0437\u0438\u0447\u0435\u0441\u043a\u0438\u043c \u0438 \u043f\u0441\u0438\u0445\u0438\u0447\u0435\u0441\u043a\u0438\u043c \u0437\u0434\u043e\u0440\u043e\u0432\u044c\u0435\u043c.<\/h2>\n\n\n\n<div class=\"wp-block-group has-global-padding is-layout-constrained wp-container-core-group-is-layout-ee7167d3 wp-block-group-is-layout-constrained\" style=\"margin-top:0;margin-bottom:0;padding-top:var(--wp--preset--spacing--30);padding-right:0;padding-bottom:var(--wp--preset--spacing--30);padding-left:0\">\n<p class=\"has-text-align-left\">\u041d\u0430\u0448\u0438 \u0443\u0441\u043b\u0443\u0433\u0438 \u043f\u0440\u0435\u0434\u043d\u0430\u0437\u043d\u0430\u0447\u0435\u043d\u044b \u0434\u043b\u044f \u043b\u044e\u0434\u0435\u0439, \u043a\u043e\u0442\u043e\u0440\u044b\u0435 \u0438\u0441\u043f\u044b\u0442\u044b\u0432\u0430\u044e\u0442 \u0434\u0435\u043f\u0440\u0435\u0441\u0441\u0438\u044e, \u0442\u0440\u0435\u0432\u043e\u0436\u043d\u043e\u0441\u0442\u044c, \u0421\u0414\u0412\u0413, \u0440\u0430\u0441\u0441\u0442\u0440\u043e\u0439\u0441\u0442\u0432\u0430 \u0430\u0443\u0442\u0438\u0441\u0442\u0438\u0447\u0435\u0441\u043a\u043e\u0433\u043e \u0441\u043f\u0435\u043a\u0442\u0440\u0430, \u0440\u0430\u0437\u043b\u0438\u0447\u043d\u044b\u0435 \u0444\u043e\u0440\u043c\u044b \u0437\u0430\u0432\u0438\u0441\u0438\u043c\u043e\u0441\u0442\u0438 \u0438 \u0441\u043e\u0437\u0430\u0432\u0438\u0441\u0438\u043c\u043e\u0441\u0442\u0438, \u044d\u043c\u043e\u0446\u0438\u043e\u043d\u0430\u043b\u044c\u043d\u043e\u0435 \u0438\u0441\u0442\u043e\u0449\u0435\u043d\u0438\u0435, \u0445\u0440\u043e\u043d\u0438\u0447\u0435\u0441\u043a\u0443\u044e \u0431\u043e\u043b\u044c \u0438\u043b\u0438 \u0445\u0440\u043e\u043d\u0438\u0447\u0435\u0441\u043a\u0438\u0435 \u0437\u0430\u0431\u043e\u043b\u0435\u0432\u0430\u043d\u0438\u044f, \u0430 \u0442\u0430\u043a\u0436\u0435 \u043d\u0430\u0445\u043e\u0434\u044f\u0442\u0441\u044f \u0432 \u0441\u043b\u043e\u0436\u043d\u043e\u0439 \u0436\u0438\u0437\u043d\u0435\u043d\u043d\u043e\u0439 \u0441\u0438\u0442\u0443\u0430\u0446\u0438\u0438.<\/p>\n\n\n\n<div class=\"wp-block-buttons is-content-justification-center is-layout-flex wp-container-core-buttons-is-layout-a89b3969 wp-block-buttons-is-layout-flex\">\n<div class=\"wp-block-button\"><a class=\"wp-block-button__link has-text-align-center wp-element-button\" href=\"https:\/\/clarente.ee\/ru\/kontakt\/\">\u0417\u0430\u043f\u0438\u0441\u0430\u0442\u044c\u0441\u044f \u043d\u0430 \u043f\u0440\u0438\u0451\u043c<\/a><\/div>\n<\/div>\n<\/div>\n\n\n\n<div style=\"height:var(--wp--preset--spacing--30)\" aria-hidden=\"true\" class=\"wp-block-spacer\"><\/div>\n\n\n\n<figure class=\"wp-block-image alignwide size-full\"><img loading=\"lazy\" decoding=\"async\" width=\"2560\" height=\"960\" src=\"https:\/\/clarente.ee\/wp-content\/uploads\/2026\/02\/da-scaled.png\" alt=\"\" class=\"wp-image-916\" srcset=\"https:\/\/clarente.ee\/wp-content\/uploads\/2026\/02\/da-scaled.png 2560w, https:\/\/clarente.ee\/wp-content\/uploads\/2026\/02\/da-300x113.png 300w, https:\/\/clarente.ee\/wp-content\/uploads\/2026\/02\/da-1024x384.png 1024w, https:\/\/clarente.ee\/wp-content\/uploads\/2026\/02\/da-768x288.png 768w, https:\/\/clarente.ee\/wp-content\/uploads\/2026\/02\/da-1536x576.png 1536w, https:\/\/clarente.ee\/wp-content\/uploads\/2026\/02\/da-2048x768.png 2048w, https:\/\/clarente.ee\/wp-content\/uploads\/2026\/02\/da-18x7.png 18w, https:\/\/clarente.ee\/wp-content\/uploads\/2026\/02\/da-600x225.png 600w\" sizes=\"auto, (max-width: 2560px) 100vw, 2560px\" \/><\/figure>\n\n\n\n<div style=\"height:calc( 0.25 * var(--wp--style--root--padding-right, var(--wp--custom--gap--horizontal)))\" aria-hidden=\"true\" class=\"wp-block-spacer\"><\/div>\n<\/div>\n\n\n\n<div class=\"wp-block-group alignfull has-global-padding is-content-justification-center is-layout-constrained wp-container-core-group-is-layout-df757ecc wp-block-group-is-layout-constrained\" style=\"margin-top:0;margin-bottom:0;padding-top:calc( 0.5 * var(--wp--style--root--padding-right, var(--wp--custom--gap--horizontal)));padding-right:var(--wp--style--root--padding-right, var(--wp--custom--gap--horizontal));padding-bottom:calc( 0.5 * var(--wp--style--root--padding-right, var(--wp--custom--gap--horizontal)));padding-left:var(--wp--style--root--padding-left, var(--wp--custom--gap--horizontal))\">\n<div style=\"height:calc( 0.25 * var(--wp--style--root--padding-right, var(--wp--custom--gap--horizontal)))\" aria-hidden=\"true\" class=\"wp-block-spacer\"><\/div>\n\n\n\n<div class=\"wp-block-group alignwide is-content-justification-space-between is-layout-flex wp-container-core-group-is-layout-9366075c wp-block-group-is-layout-flex\">\n<h3 class=\"wp-block-heading alignwide\">\u0421\u043b\u0435\u0434\u0438\u0442\u0435 \u0437\u0430 \u043d\u0430\u043c\u0438 \u0432 \u0441\u043e\u0446\u0438\u0430\u043b\u044c\u043d\u044b\u0445 \u0441\u0435\u0442\u044f\u0445.<\/h3>\n\n\n\n<ul class=\"wp-block-social-links has-icon-color is-style-logos-only is-horizontal is-content-justification-space-between is-layout-flex wp-container-core-social-links-is-layout-3cc9012a wp-block-social-links-is-layout-flex\"><li style=\"color:#1e180d;\" class=\"wp-social-link wp-social-link-facebook has-foreground-color wp-block-social-link\"><a rel=\"noopener nofollow\" target=\"_blank\" href=\"https:\/\/www.facebook.com\/share\/1GKWgWUhUp\/?mibextid=wwXIfr\" class=\"wp-block-social-link-anchor\"><svg width=\"24\" height=\"24\" viewbox=\"0 0 24 24\" version=\"1.1\" xmlns=\"http:\/\/www.w3.org\/2000\/svg\" aria-hidden=\"true\" focusable=\"false\"><path d=\"M12 2C6.5 2 2 6.5 2 12c0 5 3.7 9.1 8.4 9.9v-7H7.9V12h2.5V9.8c0-2.5 1.5-3.9 3.8-3.9 1.1 0 2.2.2 2.2.2v2.5h-1.3c-1.2 0-1.6.8-1.6 1.6V12h2.8l-.4 2.9h-2.3v7C18.3 21.1 22 17 22 12c0-5.5-4.5-10-10-10z\"><\/path><\/svg><span class=\"wp-block-social-link-label screen-reader-text\">Facebook<\/span><\/a><\/li>\n\n<li style=\"color:#1e180d;\" class=\"wp-social-link wp-social-link-instagram has-foreground-color wp-block-social-link\"><a rel=\"noopener nofollow\" target=\"_blank\" href=\"https:\/\/www.instagram.com\/clarente.ee\/?g=5\" class=\"wp-block-social-link-anchor\"><svg width=\"24\" height=\"24\" viewbox=\"0 0 24 24\" version=\"1.1\" xmlns=\"http:\/\/www.w3.org\/2000\/svg\" aria-hidden=\"true\" focusable=\"false\"><path d=\"M12,4.622c2.403,0,2.688,0.009,3.637,0.052c0.877,0.04,1.354,0.187,1.671,0.31c0.42,0.163,0.72,0.358,1.035,0.673 c0.315,0.315,0.51,0.615,0.673,1.035c0.123,0.317,0.27,0.794,0.31,1.671c0.043,0.949,0.052,1.234,0.052,3.637 s-0.009,2.688-0.052,3.637c-0.04,0.877-0.187,1.354-0.31,1.671c-0.163,0.42-0.358,0.72-0.673,1.035 c-0.315,0.315-0.615,0.51-1.035,0.673c-0.317,0.123-0.794,0.27-1.671,0.31c-0.949,0.043-1.233,0.052-3.637,0.052 s-2.688-0.009-3.637-0.052c-0.877-0.04-1.354-0.187-1.671-0.31c-0.42-0.163-0.72-0.358-1.035-0.673 c-0.315-0.315-0.51-0.615-0.673-1.035c-0.123-0.317-0.27-0.794-0.31-1.671C4.631,14.688,4.622,14.403,4.622,12 s0.009-2.688,0.052-3.637c0.04-0.877,0.187-1.354,0.31-1.671c0.163-0.42,0.358-0.72,0.673-1.035 c0.315-0.315,0.615-0.51,1.035-0.673c0.317-0.123,0.794-0.27,1.671-0.31C9.312,4.631,9.597,4.622,12,4.622 M12,3 C9.556,3,9.249,3.01,8.289,3.054C7.331,3.098,6.677,3.25,6.105,3.472C5.513,3.702,5.011,4.01,4.511,4.511 c-0.5,0.5-0.808,1.002-1.038,1.594C3.25,6.677,3.098,7.331,3.054,8.289C3.01,9.249,3,9.556,3,12c0,2.444,0.01,2.751,0.054,3.711 c0.044,0.958,0.196,1.612,0.418,2.185c0.23,0.592,0.538,1.094,1.038,1.594c0.5,0.5,1.002,0.808,1.594,1.038 c0.572,0.222,1.227,0.375,2.185,0.418C9.249,20.99,9.556,21,12,21s2.751-0.01,3.711-0.054c0.958-0.044,1.612-0.196,2.185-0.418 c0.592-0.23,1.094-0.538,1.594-1.038c0.5-0.5,0.808-1.002,1.038-1.594c0.222-0.572,0.375-1.227,0.418-2.185 C20.99,14.751,21,14.444,21,12s-0.01-2.751-0.054-3.711c-0.044-0.958-0.196-1.612-0.418-2.185c-0.23-0.592-0.538-1.094-1.038-1.594 c-0.5-0.5-1.002-0.808-1.594-1.038c-0.572-0.222-1.227-0.375-2.185-0.418C14.751,3.01,14.444,3,12,3L12,3z M12,7.378 c-2.552,0-4.622,2.069-4.622,4.622S9.448,16.622,12,16.622s4.622-2.069,4.622-4.622S14.552,7.378,12,7.378z M12,15 c-1.657,0-3-1.343-3-3s1.343-3,3-3s3,1.343,3,3S13.657,15,12,15z M16.804,6.116c-0.596,0-1.08,0.484-1.08,1.08 s0.484,1.08,1.08,1.08c0.596,0,1.08-0.484,1.08-1.08S17.401,6.116,16.804,6.116z\"><\/path><\/svg><span class=\"wp-block-social-link-label screen-reader-text\">Instagram<\/span><\/a><\/li><\/ul>\n<\/div>\n\n\n\n<div style=\"height:var(--wp--preset--spacing--20)\" aria-hidden=\"true\" class=\"wp-block-spacer\"><\/div>\n\n\n\n<div class=\"wp-block-columns alignwide is-layout-flex wp-container-core-columns-is-layout-28f84493 wp-block-columns-is-layout-flex\">\n<div class=\"wp-block-column is-layout-flow wp-block-column-is-layout-flow\" style=\"flex-basis:25%\">\n<figure class=\"wp-block-image size-large is-resized\"><a href=\"https:\/\/www.instagram.com\/clarente.ee\/?g=5\"><img loading=\"lazy\" decoding=\"async\" width=\"1024\" height=\"1024\" src=\"https:\/\/clarente.ee\/wp-content\/uploads\/2026\/02\/18-1024x1024.png\" alt=\"\" class=\"wp-image-761\" style=\"aspect-ratio:1;object-fit:cover\" srcset=\"https:\/\/clarente.ee\/wp-content\/uploads\/2026\/02\/18-1024x1024.png 1024w, https:\/\/clarente.ee\/wp-content\/uploads\/2026\/02\/18-300x300.png 300w, https:\/\/clarente.ee\/wp-content\/uploads\/2026\/02\/18-150x150.png 150w, https:\/\/clarente.ee\/wp-content\/uploads\/2026\/02\/18-768x768.png 768w, https:\/\/clarente.ee\/wp-content\/uploads\/2026\/02\/18-12x12.png 12w, https:\/\/clarente.ee\/wp-content\/uploads\/2026\/02\/18-600x600.png 600w, https:\/\/clarente.ee\/wp-content\/uploads\/2026\/02\/18-100x100.png 100w, https:\/\/clarente.ee\/wp-content\/uploads\/2026\/02\/18.png 1080w\" sizes=\"auto, (max-width: 1024px) 100vw, 1024px\" \/><\/a><\/figure>\n<\/div>\n\n\n\n<div class=\"wp-block-column is-layout-flow wp-block-column-is-layout-flow\" style=\"flex-basis:25%\">\n<figure class=\"wp-block-image size-large is-resized\"><a href=\"https:\/\/www.facebook.com\/share\/1GKWgWUhUp\/?mibextid=wwXIfr\"><img loading=\"lazy\" decoding=\"async\" width=\"1024\" height=\"1024\" src=\"https:\/\/clarente.ee\/wp-content\/uploads\/2026\/02\/20-1024x1024.png\" alt=\"\" class=\"wp-image-759\" style=\"aspect-ratio:1;object-fit:cover\" srcset=\"https:\/\/clarente.ee\/wp-content\/uploads\/2026\/02\/20-1024x1024.png 1024w, https:\/\/clarente.ee\/wp-content\/uploads\/2026\/02\/20-300x300.png 300w, https:\/\/clarente.ee\/wp-content\/uploads\/2026\/02\/20-150x150.png 150w, https:\/\/clarente.ee\/wp-content\/uploads\/2026\/02\/20-768x768.png 768w, https:\/\/clarente.ee\/wp-content\/uploads\/2026\/02\/20-12x12.png 12w, https:\/\/clarente.ee\/wp-content\/uploads\/2026\/02\/20-600x600.png 600w, https:\/\/clarente.ee\/wp-content\/uploads\/2026\/02\/20-100x100.png 100w, https:\/\/clarente.ee\/wp-content\/uploads\/2026\/02\/20.png 1080w\" sizes=\"auto, (max-width: 1024px) 100vw, 1024px\" \/><\/a><\/figure>\n<\/div>\n\n\n\n<div class=\"wp-block-column is-layout-flow wp-block-column-is-layout-flow\" style=\"flex-basis:25%\">\n<figure class=\"wp-block-image size-full is-resized\"><a href=\"https:\/\/www.instagram.com\/clarente.ee\/?g=5\"><img loading=\"lazy\" decoding=\"async\" width=\"1080\" height=\"1080\" src=\"https:\/\/clarente.ee\/wp-content\/uploads\/2026\/02\/19.png\" alt=\"\" class=\"wp-image-760\" style=\"aspect-ratio:1;object-fit:cover\" srcset=\"https:\/\/clarente.ee\/wp-content\/uploads\/2026\/02\/19.png 1080w, https:\/\/clarente.ee\/wp-content\/uploads\/2026\/02\/19-300x300.png 300w, https:\/\/clarente.ee\/wp-content\/uploads\/2026\/02\/19-1024x1024.png 1024w, https:\/\/clarente.ee\/wp-content\/uploads\/2026\/02\/19-150x150.png 150w, https:\/\/clarente.ee\/wp-content\/uploads\/2026\/02\/19-768x768.png 768w, https:\/\/clarente.ee\/wp-content\/uploads\/2026\/02\/19-12x12.png 12w, https:\/\/clarente.ee\/wp-content\/uploads\/2026\/02\/19-600x600.png 600w, https:\/\/clarente.ee\/wp-content\/uploads\/2026\/02\/19-100x100.png 100w\" sizes=\"auto, (max-width: 1080px) 100vw, 1080px\" \/><\/a><\/figure>\n<\/div>\n\n\n\n<div class=\"wp-block-column is-layout-flow wp-block-column-is-layout-flow\" style=\"flex-basis:25%\">\n<figure class=\"wp-block-image size-full is-resized\"><a href=\"https:\/\/www.facebook.com\/share\/1GKWgWUhUp\/?mibextid=wwXIfr\"><img loading=\"lazy\" decoding=\"async\" width=\"1080\" height=\"1080\" src=\"https:\/\/clarente.ee\/wp-content\/uploads\/2026\/02\/21-1.png\" alt=\"\" class=\"wp-image-757\" style=\"aspect-ratio:1;object-fit:cover\" srcset=\"https:\/\/clarente.ee\/wp-content\/uploads\/2026\/02\/21-1.png 1080w, https:\/\/clarente.ee\/wp-content\/uploads\/2026\/02\/21-1-300x300.png 300w, https:\/\/clarente.ee\/wp-content\/uploads\/2026\/02\/21-1-1024x1024.png 1024w, https:\/\/clarente.ee\/wp-content\/uploads\/2026\/02\/21-1-150x150.png 150w, https:\/\/clarente.ee\/wp-content\/uploads\/2026\/02\/21-1-768x768.png 768w, https:\/\/clarente.ee\/wp-content\/uploads\/2026\/02\/21-1-12x12.png 12w, https:\/\/clarente.ee\/wp-content\/uploads\/2026\/02\/21-1-600x600.png 600w, https:\/\/clarente.ee\/wp-content\/uploads\/2026\/02\/21-1-100x100.png 100w\" sizes=\"auto, (max-width: 1080px) 100vw, 1080px\" \/><\/a><\/figure>\n<\/div>\n<\/div>\n\n\n\n<div style=\"height:calc( 0.25 * var(--wp--style--root--padding-right, var(--wp--custom--gap--horizontal)))\" aria-hidden=\"true\" class=\"wp-block-spacer\"><\/div>\n<\/div>\n\n\n\n<div class=\"wp-block-group alignfull has-global-padding is-content-justification-center is-layout-constrained wp-container-core-group-is-layout-df757ecc wp-block-group-is-layout-constrained\" style=\"margin-top:0;margin-bottom:0;padding-top:calc( 0.5 * var(--wp--style--root--padding-right, var(--wp--custom--gap--horizontal)));padding-right:var(--wp--style--root--padding-right, var(--wp--custom--gap--horizontal));padding-bottom:calc( 0.5 * var(--wp--style--root--padding-right, var(--wp--custom--gap--horizontal)));padding-left:var(--wp--style--root--padding-left, var(--wp--custom--gap--horizontal))\">\n<div style=\"height:calc( 0.25 * var(--wp--style--root--padding-right, var(--wp--custom--gap--horizontal)))\" aria-hidden=\"true\" class=\"wp-block-spacer\"><\/div>\n\n\n\n<div class=\"wp-block-columns alignwide are-vertically-aligned-center is-layout-flex wp-container-core-columns-is-layout-7fc3d43a wp-block-columns-is-layout-flex\">\n<div class=\"wp-block-column is-vertically-aligned-center is-layout-flow wp-block-column-is-layout-flow\">\n<figure class=\"wp-block-image size-full\"><img loading=\"lazy\" decoding=\"async\" width=\"2560\" height=\"1357\" src=\"https:\/\/clarente.ee\/wp-content\/uploads\/2026\/03\/Clarente-sissepaas-scaled.jpg\" alt=\"\" class=\"wp-image-955\" style=\"aspect-ratio:1;object-fit:cover\" srcset=\"https:\/\/clarente.ee\/wp-content\/uploads\/2026\/03\/Clarente-sissepaas-scaled.jpg 2560w, https:\/\/clarente.ee\/wp-content\/uploads\/2026\/03\/Clarente-sissepaas-300x159.jpg 300w, https:\/\/clarente.ee\/wp-content\/uploads\/2026\/03\/Clarente-sissepaas-1024x543.jpg 1024w, https:\/\/clarente.ee\/wp-content\/uploads\/2026\/03\/Clarente-sissepaas-768x407.jpg 768w, https:\/\/clarente.ee\/wp-content\/uploads\/2026\/03\/Clarente-sissepaas-1536x814.jpg 1536w, https:\/\/clarente.ee\/wp-content\/uploads\/2026\/03\/Clarente-sissepaas-2048x1086.jpg 2048w, https:\/\/clarente.ee\/wp-content\/uploads\/2026\/03\/Clarente-sissepaas-18x10.jpg 18w, https:\/\/clarente.ee\/wp-content\/uploads\/2026\/03\/Clarente-sissepaas-600x318.jpg 600w\" sizes=\"auto, (max-width: 2560px) 100vw, 2560px\" \/><\/figure>\n<\/div>\n\n\n\n<div class=\"wp-block-column is-vertically-aligned-center is-layout-flow wp-block-column-is-layout-flow\">\n<h2 class=\"wp-block-heading alignwide\">\u041c\u0435\u0441\u0442\u043e\u043f\u043e\u043b\u043e\u0436\u0435\u043d\u0438\u0435<\/h2>\n\n\n\n<p>\u0412\u0445\u043e\u0434 \u00abB\u00bb \u0441\u0431\u043e\u043a\u0443 \u0437\u0434\u0430\u043d\u0438\u044f. \u041d\u0430\u0448\u0438 \u043f\u043e\u043c\u0435\u0449\u0435\u043d\u0438\u044f \u043d\u0430\u0445\u043e\u0434\u044f\u0442\u0441\u044f \u043d\u0430 6-\u043c \u044d\u0442\u0430\u0436\u0435.<\/p>\n\n\n\n<div class=\"wp-block-buttons is-content-justification-center is-layout-flex wp-container-core-buttons-is-layout-a89b3969 wp-block-buttons-is-layout-flex\">\n<div class=\"wp-block-button\"><a class=\"wp-block-button__link has-text-align-center wp-element-button\" href=\"https:\/\/maps.app.goo.gl\/nmrQtfZ5DvMtj3T18\">\u041d\u0430\u0439\u0434\u0438\u0442\u0435 \u043d\u0430\u0441<\/a><\/div>\n<\/div>\n<\/div>\n<\/div>\n\n\n\n<div style=\"height:calc( 0.25 * var(--wp--style--root--padding-right, var(--wp--custom--gap--horizontal)))\" aria-hidden=\"true\" class=\"wp-block-spacer\"><\/div>\n<\/div>","protected":false},"excerpt":{"rendered":"<p>Vaimse tervise teenused t\u00e4iskasvanutele Broneeri aeg +372 5699 4075 v\u00f5i kirjuta info@clarente.ee Pakume tuge t\u00e4iskasvanutele, kes kogevad emotsionaalseid raskusi v\u00f5i seisavad silmitsi f\u00fc\u00fcsilisest ja vaimsest tervisest tulenevate v\u00e4ljakutsetega Meie teenusele on oodatud inimesed, kellel esineb depressioon, \u00e4revus, aktiivsus- ja t\u00e4helepanuh\u00e4ire (ATH), autismispektri h\u00e4ire, erinevad s\u00f5ltuvused ja kaass\u00f5ltuvus, l\u00e4bip\u00f5lemine, krooniline valu v\u00f5i kroonilised haigused, samuti need, [&hellip;]<\/p>\n","protected":false},"author":2,"featured_media":0,"parent":0,"menu_order":0,"comment_status":"closed","ping_status":"closed","template":"no-title","meta":{"footnotes":""},"class_list":["post-648","page","type-page","status-publish","hentry"],"aioseo_notices":[],"_links":{"self":[{"href":"https:\/\/clarente.ee\/ru\/wp-json\/wp\/v2\/pages\/648","targetHints":{"allow":["GET"]}}],"collection":[{"href":"https:\/\/clarente.ee\/ru\/wp-json\/wp\/v2\/pages"}],"about":[{"href":"https:\/\/clarente.ee\/ru\/wp-json\/wp\/v2\/types\/page"}],"author":[{"embeddable":true,"href":"https:\/\/clarente.ee\/ru\/wp-json\/wp\/v2\/users\/2"}],"replies":[{"embeddable":true,"href":"https:\/\/clarente.ee\/ru\/wp-json\/wp\/v2\/comments?post=648"}],"version-history":[{"count":49,"href":"https:\/\/clarente.ee\/ru\/wp-json\/wp\/v2\/pages\/648\/revisions"}],"predecessor-version":[{"id":957,"href":"https:\/\/clarente.ee\/ru\/wp-json\/wp\/v2\/pages\/648\/revisions\/957"}],"wp:attachment":[{"href":"https:\/\/clarente.ee\/ru\/wp-json\/wp\/v2\/media?parent=648"}],"curies":[{"name":"wp","href":"https:\/\/api.w.org\/{rel}","templated":true}]}}