{"id":838,"date":"2026-02-19T13:26:53","date_gmt":"2026-02-19T13:26:53","guid":{"rendered":"https:\/\/clarente.ee\/?page_id=838"},"modified":"2026-04-15T12:19:38","modified_gmt":"2026-04-15T12:19:38","slug":"tookuulutused","status":"publish","type":"page","link":"https:\/\/clarente.ee\/en\/tookuulutused\/","title":{"rendered":"Vacancies"},"content":{"rendered":"<div class=\"wp-block-columns alignwide is-layout-flex wp-container-core-columns-is-layout-e1fea541 wp-block-columns-is-layout-flex\" style=\"margin-top:var(--wp--preset--spacing--50)\">\n<div class=\"wp-block-column has-background-background-color has-background is-layout-flow wp-block-column-is-layout-flow\">\n<div class=\"wp-block-group has-border-color has-primary-border-color has-global-padding is-layout-constrained wp-container-core-group-is-layout-eb524166 wp-block-group-is-layout-constrained\" style=\"border-top-left-radius:12px;border-top-right-radius:12px;border-bottom-left-radius:12px;border-bottom-right-radius:12px;padding-top:var(--wp--preset--spacing--40);padding-right:var(--wp--preset--spacing--30);padding-bottom:var(--wp--preset--spacing--40);padding-left:var(--wp--preset--spacing--30)\">\n<h2 class=\"wp-block-heading has-text-align-center has-foreground-color has-text-color has-link-color wp-elements-e53a29c8c10a31d9c2d8988d5f3b1ab2\" style=\"margin-top:12px\">Psychologist<\/h2>\n\n\n\n<h5 class=\"wp-block-heading has-text-align-left has-foreground-color has-text-color has-link-color wp-elements-2876c77afde7acb8bd2fc642c8ddec01\" style=\"margin-top:16px;font-size:clamp(14px, 0.875rem + ((1vw - 3.2px) * 0.625), 20px);\">We are looking for a part-time psychologist to join our team.                 <\/h5>\n\n\n\n<p><strong>Job responsibilities:<\/strong><br>Providing psychological counselling within rehabilitation and other services.<\/p>\n\n\n\n<p><strong>Candidate requirements:<\/strong><\/p>\n\n\n\n<ul class=\"wp-block-list\">\n<li>Master\u2019s degree in psychology<\/li>\n\n\n\n<li>Willingness to work with diverse target groups<\/li>\n\n\n\n<li>Good communication skills and a strong sense of responsibility<\/li>\n\n\n\n<li>Excellent command of Estonian, both spoken and written<\/li>\n<\/ul>\n\n\n\n<p><strong>We offer:<\/strong><\/p>\n\n\n\n<ul class=\"wp-block-list\">\n<li>Flexible schedule, part-time workload<\/li>\n\n\n\n<li>A modern working environment on Mustam\u00e4e tee with free parking<\/li>\n\n\n\n<li>A supportive and friendly team<\/li>\n<\/ul>\n\n\n\n<div class=\"wp-block-buttons is-layout-flex wp-block-buttons-is-layout-flex\" style=\"margin-top:var(--wp--preset--spacing--40)\">\n<div class=\"wp-block-button has-custom-width wp-block-button__width-100\"><a class=\"wp-block-button__link wp-element-button\" href=\"https:\/\/clarente.ee\/en\/kontakt\/\">Apply now<\/a><\/div>\n<\/div>\n<\/div>\n<\/div>\n<\/div>\n\n\n\n<p><\/p>","protected":false},"excerpt":{"rendered":"<p>Ps\u00fchholoog Otsime enda meeskonda osalise koormusega ps\u00fchholoogi. T\u00f6\u00f6 sisu:Ps\u00fchholoogilise n\u00f5ustamise l\u00e4biviimine rehabilitatsiooni ja teiste teenuste raames. Ootused kandidaadile: Omalt poolt pakume:<\/p>","protected":false},"author":2,"featured_media":0,"parent":0,"menu_order":0,"comment_status":"closed","ping_status":"closed","template":"no-title","meta":{"footnotes":""},"class_list":["post-838","page","type-page","status-publish","hentry"],"aioseo_notices":[],"_links":{"self":[{"href":"https:\/\/clarente.ee\/en\/wp-json\/wp\/v2\/pages\/838","targetHints":{"allow":["GET"]}}],"collection":[{"href":"https:\/\/clarente.ee\/en\/wp-json\/wp\/v2\/pages"}],"about":[{"href":"https:\/\/clarente.ee\/en\/wp-json\/wp\/v2\/types\/page"}],"author":[{"embeddable":true,"href":"https:\/\/clarente.ee\/en\/wp-json\/wp\/v2\/users\/2"}],"replies":[{"embeddable":true,"href":"https:\/\/clarente.ee\/en\/wp-json\/wp\/v2\/comments?post=838"}],"version-history":[{"count":8,"href":"https:\/\/clarente.ee\/en\/wp-json\/wp\/v2\/pages\/838\/revisions"}],"predecessor-version":[{"id":987,"href":"https:\/\/clarente.ee\/en\/wp-json\/wp\/v2\/pages\/838\/revisions\/987"}],"wp:attachment":[{"href":"https:\/\/clarente.ee\/en\/wp-json\/wp\/v2\/media?parent=838"}],"curies":[{"name":"wp","href":"https:\/\/api.w.org\/{rel}","templated":true}]}}