{"id":534,"date":"2026-02-02T10:11:49","date_gmt":"2026-02-02T10:11:49","guid":{"rendered":"https:\/\/clarente.ee\/?page_id=534"},"modified":"2026-02-26T16:05:35","modified_gmt":"2026-02-26T16:05:35","slug":"teenused","status":"publish","type":"page","link":"https:\/\/clarente.ee\/en\/teenused\/","title":{"rendered":"Sinu uus algus: vaimse tervise teenused ja rehabilitatsioon"},"content":{"rendered":"<div class=\"wp-block-group alignfull has-background-background-color has-background has-global-padding is-layout-constrained wp-container-core-group-is-layout-832022f9 wp-block-group-is-layout-constrained\" style=\"margin-top:0;margin-bottom:0;padding-top:0;padding-right:0;padding-bottom:0;padding-left:0\">\n<div class=\"wp-block-cover alignfull\" style=\"padding-top:0;padding-right:var(--wp--preset--spacing--30);padding-bottom:0;padding-left:var(--wp--preset--spacing--30);min-height:50px;aspect-ratio:unset;\"><img loading=\"lazy\" decoding=\"async\" width=\"2560\" height=\"1710\" class=\"wp-block-cover__image-background wp-image-209\" alt=\"\" src=\"https:\/\/clarente.ee\/wp-content\/uploads\/2025\/01\/pexels-rickyrecap-1654698-scaled.jpg\" data-object-fit=\"cover\" srcset=\"https:\/\/clarente.ee\/wp-content\/uploads\/2025\/01\/pexels-rickyrecap-1654698-scaled.jpg 2560w, https:\/\/clarente.ee\/wp-content\/uploads\/2025\/01\/pexels-rickyrecap-1654698-300x200.jpg 300w, https:\/\/clarente.ee\/wp-content\/uploads\/2025\/01\/pexels-rickyrecap-1654698-1024x684.jpg 1024w, https:\/\/clarente.ee\/wp-content\/uploads\/2025\/01\/pexels-rickyrecap-1654698-768x513.jpg 768w, https:\/\/clarente.ee\/wp-content\/uploads\/2025\/01\/pexels-rickyrecap-1654698-1536x1026.jpg 1536w, https:\/\/clarente.ee\/wp-content\/uploads\/2025\/01\/pexels-rickyrecap-1654698-2048x1368.jpg 2048w, https:\/\/clarente.ee\/wp-content\/uploads\/2025\/01\/pexels-rickyrecap-1654698-600x401.jpg 600w\" sizes=\"auto, (max-width: 2560px) 100vw, 2560px\" \/><span aria-hidden=\"true\" class=\"wp-block-cover__background has-black-background-color has-background-dim-60 has-background-dim\"><\/span><div class=\"wp-block-cover__inner-container is-layout-flow wp-block-cover-is-layout-flow\">\n<div class=\"wp-block-group has-global-padding is-layout-constrained wp-block-group-is-layout-constrained\" style=\"padding-top:var(--wp--preset--spacing--60);padding-bottom:var(--wp--preset--spacing--60)\">\n<div class=\"wp-block-group alignwide has-global-padding is-content-justification-left is-layout-constrained wp-container-core-group-is-layout-12dd3699 wp-block-group-is-layout-constrained\">\n<h1 class=\"wp-block-heading has-text-color has-x-large-font-size\" style=\"color:#fffffffc\">Services<\/h1>\n\n\n\n<p class=\"has-text-color\" style=\"color:#fffffffc;margin-top:16px\">Your path to recovery<\/p>\n<\/div>\n<\/div>\n<\/div><\/div>\n<\/div>\n\n\n\n<div class=\"wp-block-group alignfull has-background-background-color has-background has-global-padding is-layout-constrained wp-container-core-group-is-layout-7276a2bb wp-block-group-is-layout-constrained\" id=\"teenused\" style=\"margin-top:0;margin-bottom:0;padding-top:var(--wp--preset--spacing--60);padding-right:var(--wp--preset--spacing--30);padding-bottom:var(--wp--preset--spacing--60);padding-left:var(--wp--preset--spacing--30)\">\n<div class=\"wp-block-group alignwide is-layout-flow wp-block-group-is-layout-flow\">\n<h2 class=\"wp-block-heading has-large-font-size\">Empathetic and experienced specialists<\/h2>\n\n\n\n<p style=\"margin-top:16px\">Our goal is to help you find effective solutions and support you in achieving your goals\u2014whether that means better mental health, a more balanced lifestyle, or recovery from addiction. We approach each individual personally, taking into account their unique background, needs, and strengths.<br>As part of the service, we create a safe and supportive environment where you can share your thoughts and feelings openly and securely. We support you both in planning practical steps and in restoring inner balance, self-confidence, and coping skills.<\/p>\n<\/div>\n\n\n\n<div class=\"wp-block-columns alignwide is-layout-flex wp-container-core-columns-is-layout-5b525043 wp-block-columns-is-layout-flex\">\n<div class=\"wp-block-column card-column is-layout-flow wp-block-column-is-layout-flow\">\n<div class=\"wp-block-group has-global-padding is-layout-constrained wp-block-group-is-layout-constrained\">\n<figure class=\"wp-block-image size-large ext-aspect-landscape\"><img loading=\"lazy\" decoding=\"async\" width=\"819\" height=\"1024\" src=\"https:\/\/clarente.ee\/wp-content\/uploads\/2026\/02\/l-819x1024.jpeg\" alt=\"\" class=\"wp-image-873\" style=\"aspect-ratio:4\/3;object-fit:cover\" srcset=\"https:\/\/clarente.ee\/wp-content\/uploads\/2026\/02\/l-819x1024.jpeg 819w, https:\/\/clarente.ee\/wp-content\/uploads\/2026\/02\/l-240x300.jpeg 240w, https:\/\/clarente.ee\/wp-content\/uploads\/2026\/02\/l-768x960.jpeg 768w, https:\/\/clarente.ee\/wp-content\/uploads\/2026\/02\/l-10x12.jpeg 10w, https:\/\/clarente.ee\/wp-content\/uploads\/2026\/02\/l-600x750.jpeg 600w, https:\/\/clarente.ee\/wp-content\/uploads\/2026\/02\/l.jpeg 1200w\" sizes=\"auto, (max-width: 819px) 100vw, 819px\" \/><\/figure>\n\n\n\n<h3 class=\"wp-block-heading\" style=\"margin-top:24px;font-size:clamp(14px, 0.875rem + ((1vw - 3.2px) * 0.625), 20px);line-height:1.5\">Psychological counselling<\/h3>\n\n\n\n<p class=\"has-small-font-size\" style=\"margin-top:8px\">Psychological counseling can help in the following areas: reducing stress and anxiety, addressing depression and mood disorders, working through trauma and addictions, resolving relationship issues, improving self-esteem and self-confidence, adapting to life changes, and much more.<\/p>\n<\/div>\n\n\n\n<div class=\"wp-block-buttons is-layout-flex wp-block-buttons-is-layout-flex\">\n<div class=\"wp-block-button\"><a class=\"wp-block-button__link wp-element-button\" href=\"https:\/\/clarente.ee\/en\/kontakt\/\">Book an appointment<\/a><\/div>\n<\/div>\n<\/div>\n\n\n\n<div class=\"wp-block-column card-column is-layout-flow wp-block-column-is-layout-flow\">\n<div class=\"wp-block-group has-global-padding is-layout-constrained wp-block-group-is-layout-constrained\">\n<figure class=\"wp-block-image size-large ext-aspect-landscape\"><img loading=\"lazy\" decoding=\"async\" width=\"823\" height=\"1024\" src=\"https:\/\/clarente.ee\/wp-content\/uploads\/2026\/02\/7-823x1024.jpg\" alt=\"\" class=\"wp-image-624\" style=\"aspect-ratio:4\/3;object-fit:cover\" srcset=\"https:\/\/clarente.ee\/wp-content\/uploads\/2026\/02\/7-823x1024.jpg 823w, https:\/\/clarente.ee\/wp-content\/uploads\/2026\/02\/7-241x300.jpg 241w, https:\/\/clarente.ee\/wp-content\/uploads\/2026\/02\/7-768x956.jpg 768w, https:\/\/clarente.ee\/wp-content\/uploads\/2026\/02\/7-10x12.jpg 10w, https:\/\/clarente.ee\/wp-content\/uploads\/2026\/02\/7-600x747.jpg 600w, https:\/\/clarente.ee\/wp-content\/uploads\/2026\/02\/7.jpg 1200w\" sizes=\"auto, (max-width: 823px) 100vw, 823px\" \/><\/figure>\n\n\n\n<h3 class=\"wp-block-heading\" style=\"margin-top:24px;font-size:clamp(14px, 0.875rem + ((1vw - 3.2px) * 0.625), 20px);line-height:1.5\">Addiction counseling<\/h3>\n\n\n\n<p class=\"has-small-font-size\" style=\"margin-top:8px\">Addiction counseling is suitable for people who are struggling with various forms of addiction, such as alcohol, drugs, smoking, gambling, or digital addiction. This type of counseling helps to understand the underlying causes of addiction, reduce its harmful impact, and supports the journey toward recovery and a more stable lifestyle.<\/p>\n<\/div>\n\n\n\n<div class=\"wp-block-buttons is-layout-flex wp-block-buttons-is-layout-flex\">\n<div class=\"wp-block-button\"><a class=\"wp-block-button__link wp-element-button\" href=\"https:\/\/clarente.ee\/en\/kontakt\/\">Book an appointment<\/a><\/div>\n<\/div>\n<\/div>\n\n\n\n<div class=\"wp-block-column is-vertically-aligned-stretch card-column is-layout-flow wp-block-column-is-layout-flow\">\n<div class=\"wp-block-group has-global-padding is-content-justification-left is-layout-constrained wp-container-core-group-is-layout-12dd3699 wp-block-group-is-layout-constrained\">\n<figure class=\"wp-block-image size-full ext-aspect-landscape\"><img loading=\"lazy\" decoding=\"async\" width=\"1200\" height=\"1600\" src=\"https:\/\/clarente.ee\/wp-content\/uploads\/2026\/02\/9.jpg\" alt=\"\" class=\"wp-image-653\" style=\"aspect-ratio:4\/3;object-fit:cover\" srcset=\"https:\/\/clarente.ee\/wp-content\/uploads\/2026\/02\/9.jpg 1200w, https:\/\/clarente.ee\/wp-content\/uploads\/2026\/02\/9-225x300.jpg 225w, https:\/\/clarente.ee\/wp-content\/uploads\/2026\/02\/9-768x1024.jpg 768w, https:\/\/clarente.ee\/wp-content\/uploads\/2026\/02\/9-1152x1536.jpg 1152w, https:\/\/clarente.ee\/wp-content\/uploads\/2026\/02\/9-9x12.jpg 9w, https:\/\/clarente.ee\/wp-content\/uploads\/2026\/02\/9-600x800.jpg 600w\" sizes=\"auto, (max-width: 1200px) 100vw, 1200px\" \/><\/figure>\n\n\n\n<h3 class=\"wp-block-heading\" style=\"margin-top:24px;font-size:clamp(14px, 0.875rem + ((1vw - 3.2px) * 0.625), 20px);line-height:1.5\">Art therapy<\/h3>\n\n\n\n<p class=\"has-small-font-size\" style=\"margin-top:8px\">Art therapy focuses on self-expression, developing self-awareness, and discovering inner resources, offering a safe space to explore one\u2019s thoughts and feelings. It helps enhance emotional well-being, coping skills, and self-confidence in everyday life.<\/p>\n<\/div>\n\n\n\n<div class=\"wp-block-buttons is-layout-flex wp-container-core-buttons-is-layout-9bedd9bf wp-block-buttons-is-layout-flex\">\n<div class=\"wp-block-button\"><a class=\"wp-block-button__link wp-element-button\" href=\"https:\/\/clarente.ee\/en\/kontakt\/\">Book an appointment<\/a><\/div>\n<\/div>\n<\/div>\n<\/div>\n\n\n\n<div class=\"wp-block-columns alignwide is-layout-flex wp-container-core-columns-is-layout-5b525043 wp-block-columns-is-layout-flex\">\n<div class=\"wp-block-column card-column is-layout-flow wp-block-column-is-layout-flow\">\n<div class=\"wp-block-group has-global-padding is-layout-constrained wp-block-group-is-layout-constrained\">\n<figure class=\"wp-block-image size-full ext-aspect-landscape\"><img loading=\"lazy\" decoding=\"async\" width=\"639\" height=\"807\" src=\"https:\/\/clarente.ee\/wp-content\/uploads\/2026\/02\/k.jpeg\" alt=\"\" class=\"wp-image-855\" style=\"aspect-ratio:4\/3;object-fit:cover\" srcset=\"https:\/\/clarente.ee\/wp-content\/uploads\/2026\/02\/k.jpeg 639w, https:\/\/clarente.ee\/wp-content\/uploads\/2026\/02\/k-238x300.jpeg 238w, https:\/\/clarente.ee\/wp-content\/uploads\/2026\/02\/k-10x12.jpeg 10w, https:\/\/clarente.ee\/wp-content\/uploads\/2026\/02\/k-600x758.jpeg 600w\" sizes=\"auto, (max-width: 639px) 100vw, 639px\" \/><\/figure>\n\n\n\n<h3 class=\"wp-block-heading\" style=\"margin-top:24px;font-size:clamp(14px, 0.875rem + ((1vw - 3.2px) * 0.625), 20px);line-height:1.5\">Peer support<\/h3>\n\n\n\n<p class=\"has-small-font-size\" style=\"margin-top:8px\">Peer support counseling is a supportive and empowering form of counseling in which the counselor draws on their own lived experiences to offer guidance and support to people facing similar challenges. A peer support counselor has personally experienced the issues they now support others with (such as addiction, mental health difficulties, chronic illness, trauma, or grief) and has completed formal training as a peer support counselor.<\/p>\n<\/div>\n\n\n\n<div class=\"wp-block-buttons is-layout-flex wp-block-buttons-is-layout-flex\">\n<div class=\"wp-block-button\"><a class=\"wp-block-button__link wp-element-button\" href=\"https:\/\/clarente.ee\/en\/kontakt\/\">Book an appointment<\/a><\/div>\n<\/div>\n<\/div>\n\n\n\n<div class=\"wp-block-column card-column is-layout-flow wp-block-column-is-layout-flow\">\n<div class=\"wp-block-group has-global-padding is-layout-constrained wp-block-group-is-layout-constrained\">\n<figure class=\"wp-block-image size-large ext-aspect-landscape\"><img loading=\"lazy\" decoding=\"async\" width=\"1024\" height=\"683\" src=\"https:\/\/clarente.ee\/wp-content\/uploads\/2026\/02\/8-1024x683.jpg\" alt=\"\" class=\"wp-image-625\" style=\"aspect-ratio:4\/3;object-fit:cover\" srcset=\"https:\/\/clarente.ee\/wp-content\/uploads\/2026\/02\/8-1024x683.jpg 1024w, https:\/\/clarente.ee\/wp-content\/uploads\/2026\/02\/8-300x200.jpg 300w, https:\/\/clarente.ee\/wp-content\/uploads\/2026\/02\/8-768x512.jpg 768w, https:\/\/clarente.ee\/wp-content\/uploads\/2026\/02\/8-18x12.jpg 18w, https:\/\/clarente.ee\/wp-content\/uploads\/2026\/02\/8-600x400.jpg 600w, https:\/\/clarente.ee\/wp-content\/uploads\/2026\/02\/8.jpg 1200w\" sizes=\"auto, (max-width: 1024px) 100vw, 1024px\" \/><\/figure>\n\n\n\n<h3 class=\"wp-block-heading\" style=\"margin-top:24px;font-size:clamp(14px, 0.875rem + ((1vw - 3.2px) * 0.625), 20px);line-height:1.5\">Social counseling<\/h3>\n\n\n\n<p class=\"has-small-font-size\" style=\"margin-top:8px\">The aim of social counseling is to create solutions that take into account an individual\u2019s needs and resources, and to support them in coping with life\u2019s challenges, helping to achieve greater stability and satisfaction with life.<br>During social counseling, clients are supported in planning necessary services, preparing documents, finding solutions to everyday life challenges, and communicating with various institutions.<\/p>\n<\/div>\n\n\n\n<div class=\"wp-block-buttons is-layout-flex wp-block-buttons-is-layout-flex\">\n<div class=\"wp-block-button\"><a class=\"wp-block-button__link wp-element-button\" href=\"https:\/\/clarente.ee\/en\/kontakt\/\">Book an appointment<\/a><\/div>\n<\/div>\n<\/div>\n\n\n\n<div class=\"wp-block-column card-column is-layout-flow wp-block-column-is-layout-flow\">\n<div class=\"wp-block-group has-global-padding is-layout-constrained wp-block-group-is-layout-constrained\">\n<figure class=\"wp-block-image size-large ext-aspect-landscape\"><img loading=\"lazy\" decoding=\"async\" width=\"1024\" height=\"683\" src=\"https:\/\/clarente.ee\/wp-content\/uploads\/2025\/01\/pexels-shvets-production-7176305-1024x683.jpg\" alt=\"\" class=\"wp-image-129\" style=\"aspect-ratio:4\/3;object-fit:cover\" srcset=\"https:\/\/clarente.ee\/wp-content\/uploads\/2025\/01\/pexels-shvets-production-7176305-1024x683.jpg 1024w, https:\/\/clarente.ee\/wp-content\/uploads\/2025\/01\/pexels-shvets-production-7176305-300x200.jpg 300w, https:\/\/clarente.ee\/wp-content\/uploads\/2025\/01\/pexels-shvets-production-7176305-768x512.jpg 768w, https:\/\/clarente.ee\/wp-content\/uploads\/2025\/01\/pexels-shvets-production-7176305-1536x1024.jpg 1536w, https:\/\/clarente.ee\/wp-content\/uploads\/2025\/01\/pexels-shvets-production-7176305-2048x1365.jpg 2048w, https:\/\/clarente.ee\/wp-content\/uploads\/2025\/01\/pexels-shvets-production-7176305-600x400.jpg 600w\" sizes=\"auto, (max-width: 1024px) 100vw, 1024px\" \/><\/figure>\n\n\n\n<h3 class=\"wp-block-heading\" style=\"margin-top:24px;font-size:clamp(14px, 0.875rem + ((1vw - 3.2px) * 0.625), 20px);line-height:1.5\">Social rehabilitation<\/h3>\n\n\n\n<p class=\"has-small-font-size\" style=\"margin-top:8px\">Social rehabilitation service is a social service designed to support people with disabilities and\/or reduced work capacity in coping with everyday life. Through this service, the individual and their family learn how to better manage daily life while taking into account special needs arising from health conditions. The aim of social rehabilitation is to teach and develop coping skills, increase opportunities for participation in social life, and support learning and preparation for employment. The services are organized and funded by the Social Insurance Board.<\/p>\n<\/div>\n\n\n\n<div class=\"wp-block-buttons is-layout-flex wp-block-buttons-is-layout-flex\">\n<div class=\"wp-block-button\"><a class=\"wp-block-button__link wp-element-button\" href=\"https:\/\/clarente.ee\/en\/sotsiaalne-rehabilitatsioon\/\">More information<\/a><\/div>\n<\/div>\n<\/div>\n<\/div>\n\n\n\n<div class=\"wp-block-columns alignwide is-layout-flex wp-container-core-columns-is-layout-5b525043 wp-block-columns-is-layout-flex\">\n<div class=\"wp-block-column card-column is-layout-flow wp-block-column-is-layout-flow\">\n<div class=\"wp-block-group has-global-padding is-layout-constrained wp-block-group-is-layout-constrained\">\n<figure class=\"wp-block-image aligncenter size-full ext-aspect-landscape\"><img loading=\"lazy\" decoding=\"async\" width=\"400\" height=\"300\" src=\"https:\/\/clarente.ee\/wp-content\/uploads\/2026\/02\/d-2.png\" alt=\"\" class=\"wp-image-859\" srcset=\"https:\/\/clarente.ee\/wp-content\/uploads\/2026\/02\/d-2.png 400w, https:\/\/clarente.ee\/wp-content\/uploads\/2026\/02\/d-2-300x225.png 300w, https:\/\/clarente.ee\/wp-content\/uploads\/2026\/02\/d-2-16x12.png 16w\" sizes=\"auto, (max-width: 400px) 100vw, 400px\" \/><\/figure>\n\n\n\n<h3 class=\"wp-block-heading\" style=\"margin-top:24px;font-size:clamp(14px, 0.875rem + ((1vw - 3.2px) * 0.625), 20px);line-height:1.5\">Unemployment Insurance Fund services<\/h3>\n\n\n\n<p class=\"has-small-font-size\" style=\"margin-top:8px\">Counseling services are provided by the Unemployment Insurance Fund for individuals who are registered as unemployed or who have received a notice of redundancy. If you wish to use the service, please discuss it with your Unemployment Insurance Fund counselor, who will provide more detailed information and, if necessary, refer you to the service.<\/p>\n<\/div>\n\n\n\n<div class=\"wp-block-buttons is-layout-flex wp-block-buttons-is-layout-flex\">\n<div class=\"wp-block-button\"><a class=\"wp-block-button__link wp-element-button\" href=\"https:\/\/clarente.ee\/en\/tootukassa-teenused\/\">More information<\/a><\/div>\n<\/div>\n<\/div>\n\n\n\n<div class=\"wp-block-column card-column is-layout-flow wp-block-column-is-layout-flow\">\n<div class=\"wp-block-group has-global-padding is-layout-constrained wp-block-group-is-layout-constrained\">\n<figure class=\"wp-block-image size-large ext-aspect-landscape\"><img loading=\"lazy\" decoding=\"async\" width=\"683\" height=\"1024\" src=\"https:\/\/clarente.ee\/wp-content\/uploads\/2026\/02\/3-683x1024.jpg\" alt=\"\" class=\"wp-image-626\" style=\"aspect-ratio:4\/3;object-fit:cover\" srcset=\"https:\/\/clarente.ee\/wp-content\/uploads\/2026\/02\/3-683x1024.jpg 683w, https:\/\/clarente.ee\/wp-content\/uploads\/2026\/02\/3-200x300.jpg 200w, https:\/\/clarente.ee\/wp-content\/uploads\/2026\/02\/3-768x1152.jpg 768w, https:\/\/clarente.ee\/wp-content\/uploads\/2026\/02\/3-1024x1536.jpg 1024w, https:\/\/clarente.ee\/wp-content\/uploads\/2026\/02\/3-8x12.jpg 8w, https:\/\/clarente.ee\/wp-content\/uploads\/2026\/02\/3-600x900.jpg 600w, https:\/\/clarente.ee\/wp-content\/uploads\/2026\/02\/3.jpg 1168w\" sizes=\"auto, (max-width: 683px) 100vw, 683px\" \/><\/figure>\n\n\n\n<h3 class=\"wp-block-heading\" style=\"margin-top:24px;font-size:clamp(14px, 0.875rem + ((1vw - 3.2px) * 0.625), 20px);line-height:1.5\">Work-related rehabilitation<\/h3>\n\n\n\n<p class=\"has-small-font-size\" style=\"margin-top:8px\">The aim of work-related rehabilitation is to support individuals in preparing for employment, entering the workforce, or continuing to work. For students, it involves supporting the continuation of their studies and preparation for working life, ensuring a smooth transition into the labor market.<\/p>\n<\/div>\n\n\n\n<div class=\"wp-block-buttons is-layout-flex wp-block-buttons-is-layout-flex\">\n<div class=\"wp-block-button\"><a class=\"wp-block-button__link wp-element-button\" href=\"https:\/\/clarente.ee\/en\/tooalane-rehabilitatsioon\/\">More information<\/a><\/div>\n<\/div>\n<\/div>\n\n\n\n<div class=\"wp-block-column card-column is-layout-flow wp-block-column-is-layout-flow\">\n<div class=\"wp-block-group has-global-padding is-layout-constrained wp-block-group-is-layout-constrained\">\n<figure class=\"wp-block-image size-large ext-aspect-landscape\"><img loading=\"lazy\" decoding=\"async\" width=\"683\" height=\"1024\" src=\"https:\/\/clarente.ee\/wp-content\/uploads\/2025\/01\/pexels-anastasia-shuraeva-4406716-683x1024.jpg\" alt=\"\" class=\"wp-image-128\" style=\"aspect-ratio:4\/3;object-fit:cover\" srcset=\"https:\/\/clarente.ee\/wp-content\/uploads\/2025\/01\/pexels-anastasia-shuraeva-4406716-683x1024.jpg 683w, https:\/\/clarente.ee\/wp-content\/uploads\/2025\/01\/pexels-anastasia-shuraeva-4406716-200x300.jpg 200w, https:\/\/clarente.ee\/wp-content\/uploads\/2025\/01\/pexels-anastasia-shuraeva-4406716-768x1152.jpg 768w, https:\/\/clarente.ee\/wp-content\/uploads\/2025\/01\/pexels-anastasia-shuraeva-4406716-1024x1536.jpg 1024w, https:\/\/clarente.ee\/wp-content\/uploads\/2025\/01\/pexels-anastasia-shuraeva-4406716-1365x2048.jpg 1365w, https:\/\/clarente.ee\/wp-content\/uploads\/2025\/01\/pexels-anastasia-shuraeva-4406716-600x900.jpg 600w, https:\/\/clarente.ee\/wp-content\/uploads\/2025\/01\/pexels-anastasia-shuraeva-4406716-scaled.jpg 1707w\" sizes=\"auto, (max-width: 683px) 100vw, 683px\" \/><\/figure>\n\n\n\n<h3 class=\"wp-block-heading\" style=\"margin-top:24px;font-size:clamp(14px, 0.875rem + ((1vw - 3.2px) * 0.625), 20px);line-height:1.5\">Project ISTE<\/h3>\n\n\n\n<p class=\"has-small-font-size\" style=\"margin-top:8px\">The aim of the service is to provide people with mental disorders the necessary support and to assist their recovery journey, contributing to improved coping ability and quality of life following mental health challenges.<\/p>\n<\/div>\n\n\n\n<div class=\"wp-block-buttons is-layout-flex wp-block-buttons-is-layout-flex\">\n<div class=\"wp-block-button\"><a class=\"wp-block-button__link wp-element-button\" href=\"https:\/\/clarente.ee\/en\/iste-projekt\/\">More information<\/a><\/div>\n<\/div>\n<\/div>\n<\/div>\n\n\n\n<div class=\"wp-block-columns alignwide is-layout-flex wp-container-core-columns-is-layout-5b525043 wp-block-columns-is-layout-flex\">\n\n<\/div>\n<\/div>","protected":false},"excerpt":{"rendered":"<p>Empaatilised ja kogenud spetsialistid Meie eesm\u00e4rk on aidata Sul leida toimivaid lahendusi ning toetada Sind eesm\u00e4rkide saavutamisel \u2013 olgu selleks parem vaimne tervis, tasakaalukam eluviis v\u00f5i s\u00f5ltuvustest vabanemine. L\u00e4heneme igale inimesele individuaalselt, arvestades tema unikaalset tausta, vajadusi ja tugevusi.Teenuse raames loome turvalise ja toetava keskkonna, kus saad oma m\u00f5tteid ja tundeid jagada avatult ja turvaliselt. [&hellip;]<\/p>\n","protected":false},"author":2,"featured_media":0,"parent":0,"menu_order":0,"comment_status":"closed","ping_status":"closed","template":"no-title","meta":{"footnotes":""},"class_list":["post-534","page","type-page","status-publish","hentry"],"aioseo_notices":[],"_links":{"self":[{"href":"https:\/\/clarente.ee\/en\/wp-json\/wp\/v2\/pages\/534","targetHints":{"allow":["GET"]}}],"collection":[{"href":"https:\/\/clarente.ee\/en\/wp-json\/wp\/v2\/pages"}],"about":[{"href":"https:\/\/clarente.ee\/en\/wp-json\/wp\/v2\/types\/page"}],"author":[{"embeddable":true,"href":"https:\/\/clarente.ee\/en\/wp-json\/wp\/v2\/users\/2"}],"replies":[{"embeddable":true,"href":"https:\/\/clarente.ee\/en\/wp-json\/wp\/v2\/comments?post=534"}],"version-history":[{"count":32,"href":"https:\/\/clarente.ee\/en\/wp-json\/wp\/v2\/pages\/534\/revisions"}],"predecessor-version":[{"id":907,"href":"https:\/\/clarente.ee\/en\/wp-json\/wp\/v2\/pages\/534\/revisions\/907"}],"wp:attachment":[{"href":"https:\/\/clarente.ee\/en\/wp-json\/wp\/v2\/media?parent=534"}],"curies":[{"name":"wp","href":"https:\/\/api.w.org\/{rel}","templated":true}]}}