{"id":219,"date":"2025-01-20T11:44:35","date_gmt":"2025-01-20T11:44:35","guid":{"rendered":"https:\/\/clarente.ee\/?page_id=219"},"modified":"2026-02-26T13:17:58","modified_gmt":"2026-02-26T13:17:58","slug":"tootukassa-teenused","status":"publish","type":"page","link":"https:\/\/clarente.ee\/en\/tootukassa-teenused\/","title":{"rendered":"T\u00f6\u00f6tukassa teenused \u2013 kindel ja professionaalne tugi"},"content":{"rendered":"<div class=\"wp-block-group alignfull has-background-background-color has-background has-global-padding is-layout-constrained wp-container-core-group-is-layout-832022f9 wp-block-group-is-layout-constrained\" style=\"margin-top:0;margin-bottom:0;padding-top:0;padding-right:0;padding-bottom:0;padding-left:0\">\n<div class=\"wp-block-cover alignfull\" style=\"padding-top:0;padding-right:var(--wp--preset--spacing--30);padding-bottom:0;padding-left:var(--wp--preset--spacing--30);min-height:50px;aspect-ratio:unset;\"><img loading=\"lazy\" decoding=\"async\" width=\"2560\" height=\"1710\" class=\"wp-block-cover__image-background wp-image-209\" alt=\"\" src=\"https:\/\/clarente.ee\/wp-content\/uploads\/2025\/01\/pexels-rickyrecap-1654698-scaled.jpg\" data-object-fit=\"cover\" srcset=\"https:\/\/clarente.ee\/wp-content\/uploads\/2025\/01\/pexels-rickyrecap-1654698-scaled.jpg 2560w, https:\/\/clarente.ee\/wp-content\/uploads\/2025\/01\/pexels-rickyrecap-1654698-300x200.jpg 300w, https:\/\/clarente.ee\/wp-content\/uploads\/2025\/01\/pexels-rickyrecap-1654698-1024x684.jpg 1024w, https:\/\/clarente.ee\/wp-content\/uploads\/2025\/01\/pexels-rickyrecap-1654698-768x513.jpg 768w, https:\/\/clarente.ee\/wp-content\/uploads\/2025\/01\/pexels-rickyrecap-1654698-1536x1026.jpg 1536w, https:\/\/clarente.ee\/wp-content\/uploads\/2025\/01\/pexels-rickyrecap-1654698-2048x1368.jpg 2048w, https:\/\/clarente.ee\/wp-content\/uploads\/2025\/01\/pexels-rickyrecap-1654698-600x401.jpg 600w\" sizes=\"auto, (max-width: 2560px) 100vw, 2560px\" \/><span aria-hidden=\"true\" class=\"wp-block-cover__background has-black-background-color has-background-dim-60 has-background-dim\"><\/span><div class=\"wp-block-cover__inner-container is-layout-flow wp-block-cover-is-layout-flow\">\n<div class=\"wp-block-group has-global-padding is-layout-constrained wp-block-group-is-layout-constrained\" style=\"padding-top:var(--wp--preset--spacing--60);padding-bottom:var(--wp--preset--spacing--60)\">\n<div class=\"wp-block-group alignwide has-global-padding is-content-justification-left is-layout-constrained wp-container-core-group-is-layout-12dd3699 wp-block-group-is-layout-constrained\">\n<h1 class=\"wp-block-heading has-text-color has-x-large-font-size\" style=\"color:#fffffffc\">Professional and caring counseling<\/h1>\n<\/div>\n<\/div>\n<\/div><\/div>\n<\/div>\n\n\n\n<div class=\"wp-block-group alignfull has-background-background-color has-background has-global-padding is-layout-constrained wp-container-core-group-is-layout-254d6575 wp-block-group-is-layout-constrained\" id=\"hinnakiri\" style=\"margin-top:0;margin-bottom:0;padding-top:var(--wp--preset--spacing--60);padding-right:var(--wp--preset--spacing--30);padding-bottom:var(--wp--preset--spacing--60);padding-left:var(--wp--preset--spacing--30)\">\n<div class=\"wp-block-group alignwide has-global-padding is-content-justification-left is-layout-constrained wp-container-core-group-is-layout-8b4c372c wp-block-group-is-layout-constrained\">\n<h2 class=\"wp-block-heading has-text-align-left has-large-font-size\">We support you every step of the way<\/h2>\n\n\n\n<p class=\"has-text-align-left\" style=\"margin-top:16px\">Psychological counselling is offered by the Unemployment Insurance Fund to individuals who are registered as unemployed or to employees who have received a layoff notice. If you wish to use this service, discuss it with your Unemployment Insurance Fund counsellor, who will provide more details and, if necessary, refer you to the service.<\/p>\n\n\n\n<p>The goal of peer support is to improve the coping skills of individuals facing health-related obstacles or employees on long-term sick leave, and to increase their readiness, motivation, and confidence for job searching, entering the workforce, or continuing employment.<\/p>\n\n\n\n<p>To register for the service, we need your first and last name, as well as your personal identification code. <\/p>\n\n\n\n<p><strong>NB! <\/strong><strong>Appointments can be cancelled no later than 24 hours before the scheduled meeting. If you do not attend, you will be charged the full amount.<\/strong><\/p>\n\n\n\n<p>More information <a title=\"\" href=\"https:\/\/www.tootukassa.ee\/et\/teenused\/toootsingud\/psuhholoogiline-ja-volanoustamine\" target=\"_blank\" rel=\"noopener\"><strong><mark style=\"background-color:rgba(0, 0, 0, 0);color:#1e180d\" class=\"has-inline-color\">HERE <\/mark><\/strong><\/a>(psychological counselling) and <a title=\"\" href=\"https:\/\/www.tootukassa.ee\/et\/teenused\/too-ja-tervis\/kogemusnoustamine\" target=\"_blank\" rel=\"noopener\"><mark style=\"background-color:rgba(0, 0, 0, 0);color:#1e180d\" class=\"has-inline-color\"><strong>HERE<\/strong><\/mark> <\/a>(peer support).<\/p>\n<\/div>\n\n\n\n<div class=\"wp-block-columns alignwide is-layout-flex wp-container-core-columns-is-layout-e1fea541 wp-block-columns-is-layout-flex\" style=\"margin-top:var(--wp--preset--spacing--50)\">\n<div class=\"wp-block-column has-background-background-color has-background is-layout-flow wp-block-column-is-layout-flow\">\n<div class=\"wp-block-group has-border-color has-primary-border-color has-foreground-color has-text-color has-link-color wp-elements-65260d15f7aee14eb7c980f5ee3aeb6a has-global-padding is-layout-constrained wp-container-core-group-is-layout-eb524166 wp-block-group-is-layout-constrained\" style=\"border-top-left-radius:12px;border-top-right-radius:12px;border-bottom-left-radius:12px;border-bottom-right-radius:12px;padding-top:var(--wp--preset--spacing--40);padding-right:var(--wp--preset--spacing--30);padding-bottom:var(--wp--preset--spacing--40);padding-left:var(--wp--preset--spacing--30)\">\n<h2 class=\"wp-block-heading has-text-align-center has-foreground-color has-text-color has-link-color wp-elements-22dfd6c6e0d48582cde8cfb8c3fb0a4e\" style=\"margin-top:12px\">70\u20ac<\/h2>\n\n\n\n<h3 class=\"wp-block-heading has-text-align-left has-foreground-color has-text-color has-link-color wp-elements-2d29bb2e04359c1f608530b98b841327\" style=\"margin-top:16px;font-size:clamp(14px, 0.875rem + ((1vw - 3.2px) * 0.625), 20px);\">Psychological counselling<\/h3>\n\n\n\n<p class=\"has-text-align-left has-foreground-color has-text-color has-link-color wp-elements-c81a14342e2abe79805b4403b1b35bf1\">The session lasts 45 minutes.<\/p>\n\n\n\n<div class=\"wp-block-buttons is-layout-flex wp-block-buttons-is-layout-flex\" style=\"margin-top:var(--wp--preset--spacing--40)\">\n<div class=\"wp-block-button has-custom-width wp-block-button__width-100\"><a class=\"wp-block-button__link wp-element-button\" href=\"https:\/\/clarente.ee\/en\/kontakt\/\">Start now<\/a><\/div>\n<\/div>\n<\/div>\n<\/div>\n\n\n\n<div class=\"wp-block-column has-background-background-color has-background is-layout-flow wp-block-column-is-layout-flow\">\n<div class=\"wp-block-group has-border-color has-primary-border-color has-foreground-color has-text-color has-link-color wp-elements-e80ea8a38b1cdca0e343245ac72dbf86 has-global-padding is-layout-constrained wp-container-core-group-is-layout-eb524166 wp-block-group-is-layout-constrained\" style=\"border-top-left-radius:12px;border-top-right-radius:12px;border-bottom-left-radius:12px;border-bottom-right-radius:12px;padding-top:var(--wp--preset--spacing--40);padding-right:var(--wp--preset--spacing--30);padding-bottom:var(--wp--preset--spacing--40);padding-left:var(--wp--preset--spacing--30)\">\n<h2 class=\"wp-block-heading has-text-align-center has-foreground-color has-text-color has-link-color wp-elements-442ba0bd8dcaac1b8624a8d6bd9ae1f1\" style=\"margin-top:12px\">50\u20ac<\/h2>\n\n\n\n<h3 class=\"wp-block-heading has-text-align-left has-foreground-color has-text-color has-link-color wp-elements-ba168239a156c3fbbbfbaa89f20731ae\" style=\"margin-top:16px;font-size:clamp(14px, 0.875rem + ((1vw - 3.2px) * 0.625), 20px);\">Peer support<\/h3>\n\n\n\n<p class=\"has-text-align-left has-foreground-color has-text-color has-link-color wp-elements-c81a14342e2abe79805b4403b1b35bf1\">The session lasts 45 minutes.<\/p>\n\n\n\n<div class=\"wp-block-buttons is-layout-flex wp-block-buttons-is-layout-flex\" style=\"margin-top:var(--wp--preset--spacing--40)\">\n<div class=\"wp-block-button has-custom-width wp-block-button__width-100\"><a class=\"wp-block-button__link wp-element-button\" href=\"https:\/\/clarente.ee\/en\/kontakt\/\">Start now<\/a><\/div>\n<\/div>\n<\/div>\n<\/div>\n<\/div>\n<\/div>\n\n\n\n<div class=\"wp-block-group alignfull has-background-background-color has-background has-global-padding is-layout-constrained wp-container-core-group-is-layout-7276a2bb wp-block-group-is-layout-constrained\" id=\"teenused\" style=\"margin-top:0;margin-bottom:0;padding-top:var(--wp--preset--spacing--60);padding-right:var(--wp--preset--spacing--30);padding-bottom:var(--wp--preset--spacing--60);padding-left:var(--wp--preset--spacing--30)\">\n<div class=\"wp-block-group alignwide has-global-padding is-content-justification-left is-layout-constrained wp-container-core-group-is-layout-8b4c372c wp-block-group-is-layout-constrained\">\n<h2 class=\"wp-block-heading has-large-font-size\">Why choose our service?<\/h2>\n\n\n\n<p style=\"margin-top:16px\"><strong>Personalized approach<\/strong>: we plan services together that take your goals and needs into account.<\/p>\n\n\n\n<p><strong>Professional team<\/strong>: our experienced specialists provide expert support to help you achieve your desired results.<\/p>\n\n\n\n<p style=\"margin-top:16px\"><strong>Caring environment<\/strong>: we value each client\u2019s well-being and are always by your side, providing a safe and supportive environment.<\/p>\n\n\n\n<div class=\"wp-block-columns alignwide is-layout-flex wp-container-core-columns-is-layout-5b525043 wp-block-columns-is-layout-flex\">\n<div class=\"wp-block-column is-layout-flow wp-block-column-is-layout-flow\">\n<figure class=\"wp-block-image size-large is-resized ext-aspect-landscape wp-duotone-1e180d-1e180d-1\"><img decoding=\"async\" src=\"data:image\/svg+xml;base64,PHN2ZyB4bWxucz0iaHR0cDovL3d3dy53My5vcmcvMjAwMC9zdmciIHdpZHRoPSI0OCIgaGVpZ2h0PSI0OCIgZmlsbD0ibm9uZSIgdmlld0JveD0iMCAwIDQ4IDQ4Ij48bWFzayBpZD0iYSIgd2lkdGg9IjQ4IiBoZWlnaHQ9IjQ4IiB4PSIwIiB5PSIwIiBtYXNrVW5pdHM9InVzZXJTcGFjZU9uVXNlIiBzdHlsZT0ibWFzay10eXBlOmFscGhhIj48cGF0aCBmaWxsPSIjRDlEOUQ5IiBkPSJNMCAwaDQ4djQ4SDB6Ii8+PC9tYXNrPjxnIG1hc2s9InVybCgjYSkiPjxwYXRoIGZpbGw9IiM1RjYzNjgiIGQ9Ik0zMiAzOGMtMS4yIDAtMi4zNTgtLjE0Mi0zLjQ3NS0uNDI1QTEzLjExNSAxMy4xMTUgMCAwIDEgMjUuNCAzNi4zNWMxLjkzMy0xLjUgMy40MzMtMy4zMjUgNC41LTUuNDc1QTE1LjI2MiAxNS4yNjIgMCAwIDAgMzEuNSAyNGExNS4yNiAxNS4yNiAwIDAgMC0xLjYtNi44NzVjLTEuMDY3LTIuMTUtMi41NjctMy45NzUtNC41LTUuNDc1YTEzLjExNSAxMy4xMTUgMCAwIDEgMy4xMjUtMS4yMjVBMTQuMDc3IDE0LjA3NyAwIDAgMSAzMiAxMGMzLjkgMCA3LjIwOCAxLjM1OCA5LjkyNSA0LjA3NUM0NC42NDIgMTYuNzkyIDQ2IDIwLjEgNDYgMjRjMCAzLjktMS4zNTggNy4yMDgtNC4wNzUgOS45MjVDMzkuMjA4IDM2LjY0MiAzNS45IDM4IDMyIDM4Wm0tMTYgMGMtMy45IDAtNy4yMDgtMS4zNTgtOS45MjUtNC4wNzVDMy4zNTggMzEuMjA4IDIgMjcuOSAyIDI0YzAtMy45IDEuMzU4LTcuMjA4IDQuMDc1LTkuOTI1QzguNzkyIDExLjM1OCAxMi4xIDEwIDE2IDEwYzEuMiAwIDIuMzU4LjE0MiAzLjQ3NS40MjUgMS4xMTcuMjgzIDIuMTU4LjY5MiAzLjEyNSAxLjIyNS0uNDMzLjMzMy0uODMzLjY4My0xLjIgMS4wNXMtLjczMy43NS0xLjEgMS4xNWExMi40MzEgMTIuNDMxIDAgMCAwLTIuMDc1LS42MjVBMTAuODM0IDEwLjgzNCAwIDAgMCAxNiAxM2MtMy4wMzMgMC01LjYyNSAxLjA2Ny03Ljc3NSAzLjJDNi4wNzUgMTguMzMzIDUgMjAuOTMzIDUgMjRjMCAzLjAzMyAxLjA3NSA1LjYyNSAzLjIyNSA3Ljc3NUMxMC4zNzUgMzMuOTI1IDEyLjk2NyAzNSAxNiAzNWMuNzY3IDAgMS41MDgtLjA3NSAyLjIyNS0uMjI1LjcxNy0uMTUgMS40MDgtLjM1OCAyLjA3NS0uNjI1LjM2Ny40LjczMy43ODMgMS4xIDEuMTUuMzY3LjM2Ny43NjcuNzE3IDEuMiAxLjA1LS45NjcuNTMzLTIuMDA4Ljk0Mi0zLjEyNSAxLjIyNUExNC4wNzcgMTQuMDc3IDAgMCAxIDE2IDM4Wm04LTIuNWExMy40NDkgMTMuNDQ5IDAgMCAxLTQuNDI1LTVBMTMuOTY3IDEzLjk2NyAwIDAgMSAxOCAyNGMwLTIuMy41MjUtNC40NjcgMS41NzUtNi41YTEzLjQ0OSAxMy40NDkgMCAwIDEgNC40MjUtNWMxLjkgMS4zIDMuMzc1IDIuOTY3IDQuNDI1IDVBMTMuOTY3IDEzLjk2NyAwIDAgMSAzMCAyNGMwIDIuMy0uNTI1IDQuNDY3LTEuNTc1IDYuNWExMy40NDkgMTMuNDQ5IDAgMCAxLTQuNDI1IDVaIi8+PC9nPjwvc3ZnPg==\" alt=\"\" style=\"object-fit:cover;width:48px;height:48px\"\/><\/figure>\n\n\n\n<h3 class=\"wp-block-heading\" style=\"margin-top:24px;font-size:clamp(14px, 0.875rem + ((1vw - 3.2px) * 0.625), 20px);line-height:1.5\">Personalization<\/h3>\n<\/div>\n\n\n\n<div class=\"wp-block-column is-layout-flow wp-block-column-is-layout-flow\">\n<figure class=\"wp-block-image size-large is-resized ext-aspect-landscape wp-duotone-1e180d-1e180d-2\"><img decoding=\"async\" src=\"data:image\/svg+xml;base64,PHN2ZyB4bWxucz0iaHR0cDovL3d3dy53My5vcmcvMjAwMC9zdmciIHdpZHRoPSI0OCIgaGVpZ2h0PSI0OCIgZmlsbD0ibm9uZSIgdmlld0JveD0iMCAwIDQ4IDQ4Ij48bWFzayBpZD0iYSIgd2lkdGg9IjQ4IiBoZWlnaHQ9IjQ4IiB4PSIwIiB5PSIwIiBtYXNrVW5pdHM9InVzZXJTcGFjZU9uVXNlIiBzdHlsZT0ibWFzay10eXBlOmFscGhhIj48cGF0aCBmaWxsPSIjRDlEOUQ5IiBkPSJNMCAwaDQ4djQ4SDB6Ii8+PC9tYXNrPjxnIG1hc2s9InVybCgjYSkiPjxwYXRoIGZpbGw9IiM1RjYzNjgiIGQ9Ik0xOS44NSAyMS44Yy41NTMgMCAxLjAxNi0uMTg3IDEuMzktLjU2LjM3My0uMzc0LjU2LS44MzcuNTYtMS4zOSAwLS41NTMtLjE4Ny0xLjAxNi0uNTYtMS4zOS0uMzc0LS4zNzMtLjgzNy0uNTYtMS4zOS0uNTYtLjU1MyAwLTEuMDE2LjE4Ny0xLjM5LjU2LS4zNzMuMzc0LS41Ni44MzctLjU2IDEuMzkgMCAuNTUzLjE4NyAxLjAxNi41NiAxLjM5LjM3NC4zNzMuODM3LjU2IDEuMzkuNTZabTAgOC4zNWMuNTUzIDAgMS4wMTYtLjE4NyAxLjM5LS41Ni4zNzMtLjM3NC41Ni0uODM3LjU2LTEuMzkgMC0uNTUzLS4xODctMS4wMTYtLjU2LTEuMzktLjM3NC0uMzczLS44MzctLjU2LTEuMzktLjU2LS41NTMgMC0xLjAxNi4xODctMS4zOS41Ni0uMzczLjM3NC0uNTYuODM3LS41NiAxLjM5IDAgLjU1My4xODcgMS4wMTYuNTYgMS4zOS4zNzQuMzczLjgzNy41NiAxLjM5LjU2Wm0tNi40NS05LjFjLjMyIDAgLjYtLjEyLjg0LS4zNnMuMzYtLjUyLjM2LS44NGMwLS4zMi0uMTItLjYtLjM2LS44NHMtLjUyLS4zNi0uODQtLjM2Yy0uMzIgMC0uNi4xMi0uODQuMzZzLS4zNi41Mi0uMzYuODRjMCAuMzIuMTIuNi4zNi44NHMuNTIuMzYuODQuMzZabTYuNDI4IDE0LjhjLjMxNSAwIC41OTctLjEyLjg0Ny0uMzZzLjM3NS0uNTIuMzc1LS44NGMwLS4zMi0uMTIyLS42LS4zNjQtLjg0YTEuMTcxIDEuMTcxIDAgMCAwLS44NS0uMzZjLS4zMjQgMC0uNjAzLjEyLS44MzYuMzYtLjIzMy4yNC0uMzUuNTItLjM1Ljg0IDAgLjMyLjExOC42LjM1NC44NC4yMzUuMjQuNTEuMzYuODI0LjM2Wk0xMy40IDI5LjRjLjMyIDAgLjYtLjEyLjg0LS4zNnMuMzYtLjUyLjM2LS44NGMwLS4zMi0uMTItLjYtLjM2LS44NHMtLjUyLS4zNi0uODQtLjM2Yy0uMzIgMC0uNi4xMi0uODQuMzZzLS4zNi41Mi0uMzYuODRjMCAuMzIuMTIuNi4zNi44NHMuNTIuMzYuODQuMzZabTYuNDUtMTQuOGMuMzIgMCAuNi0uMTIuODQtLjM2cy4zNi0uNTIuMzYtLjg0YzAtLjMyLS4xMi0uNi0uMzYtLjg0cy0uNTItLjM2LS44NC0uMzZjLS4zMiAwLS42LjEyLS44NC4zNnMtLjM2LjUyLS4zNi44NGMwIC4zMi4xMi42LjM2Ljg0cy41Mi4zNi44NC4zNlptOC4zNSA3LjJjLjU1MyAwIDEuMDE2LS4xODcgMS4zOS0uNTYuMzczLS4zNzQuNTYtLjgzNy41Ni0xLjM5IDAtLjU1My0uMTg3LTEuMDE2LS41Ni0xLjM5LS4zNzQtLjM3My0uODM3LS41Ni0xLjM5LS41Ni0uNTUzIDAtMS4wMTYuMTg3LTEuMzkuNTYtLjM3My4zNzQtLjU2LjgzNy0uNTYgMS4zOSAwIC41NTMuMTg3IDEuMDE2LjU2IDEuMzkuMzc0LjM3My44MzcuNTYgMS4zOS41NlptMC03LjJjLjMyIDAgLjYtLjEyLjg0LS4zNnMuMzYtLjUyLjM2LS44NGMwLS4zMi0uMTItLjYtLjM2LS44NHMtLjUyLS4zNi0uODQtLjM2Yy0uMzIgMC0uNi4xMi0uODQuMzZzLS4zNi41Mi0uMzYuODRjMCAuMzIuMTIuNi4zNi44NHMuNTIuMzYuODQuMzZabTYuNDUgMTQuOGMuMzIgMCAuNi0uMTIuODQtLjM2cy4zNi0uNTIuMzYtLjg0YzAtLjMyLS4xMi0uNi0uMzYtLjg0cy0uNTItLjM2LS44NC0uMzZjLS4zMiAwLS42LjEyLS44NC4zNnMtLjM2LjUyLS4zNi44NGMwIC4zMi4xMi42LjM2Ljg0cy41Mi4zNi44NC4zNlptMC04LjM1Yy4zMiAwIC42LS4xMi44NC0uMzZzLjM2LS41Mi4zNi0uODRjMC0uMzItLjEyLS42LS4zNi0uODRzLS41Mi0uMzYtLjg0LS4zNmMtLjMyIDAtLjYuMTItLjg0LjM2cy0uMzYuNTItLjM2Ljg0YzAgLjMyLjEyLjYuMzYuODRzLjUyLjM2Ljg0LjM2Wk0yNCA0NGMtMi43NjcgMC01LjM2Ny0uNTI1LTcuOC0xLjU3NS0yLjQzMy0xLjA1LTQuNTUtMi40NzUtNi4zNS00LjI3NS0xLjgtMS44LTMuMjI1LTMuOTE3LTQuMjc1LTYuMzVDNC41MjUgMjkuMzY3IDQgMjYuNzY3IDQgMjRjMC0yLjc2Ny41MjUtNS4zNjcgMS41NzUtNy44IDEuMDUtMi40MzMgMi40NzUtNC41NSA0LjI3NS02LjM1IDEuOC0xLjggMy45MTctMy4yMjUgNi4zNS00LjI3NUMxOC42MzMgNC41MjUgMjEuMjMzIDQgMjQgNGMyLjc2NyAwIDUuMzY3LjUyNSA3LjggMS41NzUgMi40MzMgMS4wNSA0LjU1IDIuNDc1IDYuMzUgNC4yNzUgMS44IDEuOCAzLjIyNSAzLjkxNyA0LjI3NSA2LjM1QzQzLjQ3NSAxOC42MzMgNDQgMjEuMjMzIDQ0IDI0YzAgMi43NjctLjUyNSA1LjM2Ny0xLjU3NSA3LjgtMS4wNSAyLjQzMy0yLjQ3NSA0LjU1LTQuMjc1IDYuMzUtMS44IDEuOC0zLjkxNyAzLjIyNS02LjM1IDQuMjc1QzI5LjM2NyA0My40NzUgMjYuNzY3IDQ0IDI0IDQ0Wm0uMDI1LTNjNC42ODMgMCA4LjY4My0xLjY1OCAxMi00Ljk3NUMzOS4zNDIgMzIuNzA4IDQxIDI4LjcgNDEgMjRzLTEuNjU4LTguNzA4LTQuOTc1LTEyLjAyNUMzMi43MDggOC42NTggMjguNzA4IDcgMjQuMDI1IDdTMTUuMzMzIDguNjU4IDEyIDExLjk3NUM4LjY2NyAxNS4yOTIgNyAxOS4zIDcgMjRzMS42NjcgOC43MDggNSAxMi4wMjVTMTkuMzQyIDQxIDI0LjAyNSA0MVptNC4xNzUtNS4xNWMuMzIgMCAuNi0uMTIuODQtLjM2cy4zNi0uNTIuMzYtLjg0YzAtLjMyLS4xMi0uNi0uMzYtLjg0cy0uNTItLjM2LS44NC0uMzZjLS4zMiAwLS42LjEyLS44NC4zNnMtLjM2LjUyLS4zNi44NGMwIC4zMi4xMi42LjM2Ljg0cy41Mi4zNi44NC4zNlptMC01LjdjLjU1MyAwIDEuMDE2LS4xODcgMS4zOS0uNTYuMzczLS4zNzQuNTYtLjgzNy41Ni0xLjM5IDAtLjU1My0uMTg3LTEuMDE2LS41Ni0xLjM5LS4zNzQtLjM3My0uODM3LS41Ni0xLjM5LS41Ni0uNTUzIDAtMS4wMTYuMTg3LTEuMzkuNTYtLjM3My4zNzQtLjU2LjgzNy0uNTYgMS4zOSAwIC41NTMuMTg3IDEuMDE2LjU2IDEuMzkuMzc0LjM3My44MzcuNTYgMS4zOS41NloiLz48L2c+PC9zdmc+\" alt=\"\" style=\"object-fit:cover;width:48px;height:48px\"\/><\/figure>\n\n\n\n<h3 class=\"wp-block-heading\" style=\"margin-top:24px;font-size:clamp(14px, 0.875rem + ((1vw - 3.2px) * 0.625), 20px);line-height:1.5\">Professionalism<\/h3>\n<\/div>\n\n\n\n<div class=\"wp-block-column is-layout-flow wp-block-column-is-layout-flow\">\n<figure class=\"wp-block-image size-large is-resized ext-aspect-landscape wp-duotone-1e180d-1e180d-3\"><img decoding=\"async\" src=\"data:image\/svg+xml;base64,PHN2ZyB4bWxucz0iaHR0cDovL3d3dy53My5vcmcvMjAwMC9zdmciIHdpZHRoPSI0OCIgaGVpZ2h0PSI0OCIgZmlsbD0ibm9uZSIgdmlld0JveD0iMCAwIDQ4IDQ4Ij48bWFzayBpZD0iYSIgd2lkdGg9IjQ4IiBoZWlnaHQ9IjQ4IiB4PSIwIiB5PSIwIiBtYXNrVW5pdHM9InVzZXJTcGFjZU9uVXNlIiBzdHlsZT0ibWFzay10eXBlOmFscGhhIj48cGF0aCBmaWxsPSIjRDlEOUQ5IiBkPSJNMCAwaDQ4djQ4SDB6Ii8+PC9tYXNrPjxnIG1hc2s9InVybCgjYSkiPjxwYXRoIGZpbGw9IiM1RjYzNjgiIGQ9Ik0zOC4zMyAxNy4zYy0xLjg1MyAwLTMuNDcyLS41ODMtNC44NTUtMS43NS0xLjM4My0xLjE2Ny0yLjI1OC0yLjYzMy0yLjYyNS00LjRIMTcuMWE3LjQyNSA3LjQyNSAwIDAgMS0yLjA3NSAzLjg3NUE3LjQyNSA3LjQyNSAwIDAgMSAxMS4xNSAxNy4xdjEzLjc1YzEuNzY3LjM2NyAzLjIzMyAxLjI0IDQuNCAyLjYyIDEuMTY3IDEuMzggMS43NSAzLjAwNyAxLjc1IDQuODggMCAyLjEzMy0uNzQ5IDMuOTQyLTIuMjQ3IDUuNDI1QzEzLjU1NSA0NS4yNTggMTEuNzUzIDQ2IDkuNjUgNDZjLTIuMTMzIDAtMy45NDItLjc0Mi01LjQyNS0yLjIyNUMyLjc0MiA0Mi4yOTIgMiA0MC40NzcgMiAzOC4zMzFjMC0xLjg1NC41ODMtMy40NzMgMS43NS00Ljg1NnMyLjYzMy0yLjI1OCA0LjQtMi42MjVWMTcuMWMtMS43NjctLjM2Ny0zLjIzMy0xLjIzMy00LjQtMi42QzIuNTgzIDEzLjEzMyAyIDExLjUgMiA5LjZjMC0yLjA5Ljc0NC0zLjg4IDIuMjMyLTUuMzY3QzUuNzIxIDIuNzQ0IDcuNTEgMiA5LjYgMmMxLjkgMCAzLjUzMy41ODMgNC45IDEuNzUgMS4zNjcgMS4xNjcgMi4yMzMgMi42MzMgMi42IDQuNGgxMy43NWMuMzY3LTEuNzY3IDEuMjQtMy4yMzMgMi42Mi00LjRDMzQuODUgMi41ODMgMzYuNDc3IDIgMzguMzUgMmMyLjEzMyAwIDMuOTQyLjc0MiA1LjQyNSAyLjIyNUM0NS4yNTggNS43MDggNDYgNy41MDggNDYgOS42MjVjMCAyLjExNy0uNzQyIDMuOTI1LTIuMjI1IDUuNDI1cy0zLjI5OCAyLjI1LTUuNDQ0IDIuMjVaTTkuNTg3IDQzYzEuMjk2IDAgMi40MDYtLjQ1IDMuMzI5LTEuMzUuOTIzLS45IDEuMzg1LTEuOTc4IDEuMzg1LTMuMjM2IDAtMS4yOTYtLjQ2Mi0yLjQwNi0xLjM4NS0zLjMyOVMxMC44ODIgMzMuNyA5LjU4NSAzMy43Yy0xLjI1NyAwLTIuMzM1LjQ2Mi0zLjIzNSAxLjM4NS0uOS45MjMtMS4zNSAyLjAzMy0xLjM1IDMuMzMgMCAxLjI1Ny40NSAyLjMzNSAxLjM1IDMuMjM1LjkuOSAxLjk3OSAxLjM1IDMuMjM2IDEuMzVabTAtMjguN2MxLjI5NiAwIDIuNDA2LS40NiAzLjMyOS0xLjM4LjkyMy0uOTIgMS4zODUtMi4wMjcgMS4zODUtMy4zMiAwLTEuMjY1LS40NjItMi4zNDgtMS4zODUtMy4yNDhDMTEuOTkyIDUuNDUgMTAuODgyIDUgOS41ODUgNSA4LjMyOSA1IDcuMjUgNS40NSA2LjM1IDYuMzUxIDUuNDUgNy4yNTIgNSA4LjMzNSA1IDkuNmMwIDEuMjkzLjQ1IDIuNCAxLjM1IDMuMzIuOS45MiAxLjk3OSAxLjM4IDMuMjM2IDEuMzhaTTM4LjQgNDZjLTIuMTE4IDAtMy45My0uNzQ0LTUuNDM4LTIuMjMzQzMxLjQ1NCA0Mi4yOCAzMC43IDQwLjQ5IDMwLjcgMzguNGMwLTIuMTE3Ljc1Mi0zLjkzIDIuMjU2LTUuNDM4IDEuNTA1LTEuNTA4IDMuMzEzLTIuMjYyIDUuNDI1LTIuMjYyIDIuMTEzIDAgMy45MS43NTIgNS4zOTQgMi4yNTZDNDUuMjU4IDM0LjQ2MiA0NiAzNi4yNyA0NiAzOC4zODFjMCAyLjExMy0uNzQ0IDMuOTEtMi4yMzMgNS4zOTRDNDIuMjggNDUuMjU4IDQwLjQ5IDQ2IDM4LjQgNDZabTAtM2MxLjI2NSAwIDIuMzQ4LS40NSAzLjI0OC0xLjM1LjkwMS0uOSAxLjM1Mi0xLjk3OCAxLjM1Mi0zLjIzNiAwLTEuMjk2LS40NS0yLjQwNi0xLjM1Mi0zLjMyOS0uOS0uOTIzLTEuOTgzLTEuMzg1LTMuMjQ4LTEuMzg1LTEuMjkzIDAtMi40LjQ2Mi0zLjMyIDEuMzg1LS45Mi45MjMtMS4zOCAyLjAzMy0xLjM4IDMuMzMgMCAxLjI1Ny40NiAyLjMzNSAxLjM4IDMuMjM1LjkyLjkgMi4wMjcgMS4zNSAzLjMyIDEuMzVabTAtMjguN2MxLjI2NSAwIDIuMzQ4LS40NiAzLjI0OC0xLjM4QzQyLjU1IDEyIDQzIDEwLjg5MiA0MyA5LjZjMC0xLjI2NS0uNDUtMi4zNDgtMS4zNTItMy4yNDhDNDAuNzQ4IDUuNDUgMzkuNjY2IDUgMzguNCA1Yy0xLjI5MyAwLTIuNC40NS0zLjMyIDEuMzUxLS45Mi45MDEtMS4zOCAxLjk4NC0xLjM4IDMuMjQ5IDAgMS4yOTMuNDYgMi40IDEuMzggMy4zMi45Mi45MiAyLjAyNyAxLjM4IDMuMzIgMS4zOFoiLz48L2c+PC9zdmc+\" alt=\"\" style=\"object-fit:cover;width:48px;height:48px\"\/><\/figure>\n\n\n\n<h3 class=\"wp-block-heading\" style=\"margin-top:24px;font-size:clamp(14px, 0.875rem + ((1vw - 3.2px) * 0.625), 20px);line-height:1.5\">Caring<\/h3>\n<\/div>\n<\/div>\n<\/div>\n<\/div>\n\n\n\n<p><\/p>","protected":false},"excerpt":{"rendered":"<p>Toetame teid igal sammul Ps\u00fchholoogilist n\u00f5ustamist v\u00f5imaldab T\u00f6\u00f6tukassa inimesele, kes on t\u00f6\u00f6tuna arvelev\u00f5etud ning koondamisteate saanud t\u00f6\u00f6tajale. Kui soovite teenust kasutada, siis r\u00e4\u00e4kige sellest oma t\u00f6\u00f6tukassa n\u00f5ustajale, kes teile seda t\u00e4psemalt tutvustab ning teid vajadusel teenusele suunab. Kogemusn\u00f5ustamise eesm\u00e4rk\u00a0on parandada tervisest tuleneva takistusega inimese v\u00f5i pikaajalise haiguslehe alusel t\u00f6\u00f6taja\u00a0toimetulekut ning suurendada tema valmisolekut, motivatsiooni ja [&hellip;]<\/p>\n","protected":false},"author":1,"featured_media":0,"parent":0,"menu_order":3,"comment_status":"closed","ping_status":"closed","template":"no-title","meta":{"footnotes":""},"class_list":["post-219","page","type-page","status-publish","hentry"],"aioseo_notices":[],"_links":{"self":[{"href":"https:\/\/clarente.ee\/en\/wp-json\/wp\/v2\/pages\/219","targetHints":{"allow":["GET"]}}],"collection":[{"href":"https:\/\/clarente.ee\/en\/wp-json\/wp\/v2\/pages"}],"about":[{"href":"https:\/\/clarente.ee\/en\/wp-json\/wp\/v2\/types\/page"}],"author":[{"embeddable":true,"href":"https:\/\/clarente.ee\/en\/wp-json\/wp\/v2\/users\/1"}],"replies":[{"embeddable":true,"href":"https:\/\/clarente.ee\/en\/wp-json\/wp\/v2\/comments?post=219"}],"version-history":[{"count":14,"href":"https:\/\/clarente.ee\/en\/wp-json\/wp\/v2\/pages\/219\/revisions"}],"predecessor-version":[{"id":888,"href":"https:\/\/clarente.ee\/en\/wp-json\/wp\/v2\/pages\/219\/revisions\/888"}],"wp:attachment":[{"href":"https:\/\/clarente.ee\/en\/wp-json\/wp\/v2\/media?parent=219"}],"curies":[{"name":"wp","href":"https:\/\/api.w.org\/{rel}","templated":true}]}}