{"id":20,"date":"2025-01-18T11:28:02","date_gmt":"2025-01-18T11:28:02","guid":{"rendered":"https:\/\/clarente.ee\/kontakt\/"},"modified":"2026-03-27T12:04:17","modified_gmt":"2026-03-27T12:04:17","slug":"kontakt","status":"publish","type":"page","link":"https:\/\/clarente.ee\/en\/kontakt\/","title":{"rendered":"V\u00f5ta \u00fchendust ja alusta vaimse tervise toega"},"content":{"rendered":"\n<div class=\"wp-block-group alignfull has-background-background-color has-background has-global-padding is-layout-constrained wp-container-core-group-is-layout-832022f9 wp-block-group-is-layout-constrained\" style=\"margin-top:0;margin-bottom:0;padding-top:0;padding-right:0;padding-bottom:0;padding-left:0\">\n<div class=\"wp-block-cover alignfull\" style=\"padding-top:0;padding-right:var(--wp--preset--spacing--30);padding-bottom:0;padding-left:var(--wp--preset--spacing--30);min-height:50px;aspect-ratio:unset;\"><img loading=\"lazy\" decoding=\"async\" width=\"2560\" height=\"1710\" class=\"wp-block-cover__image-background wp-image-209\" alt=\"\" src=\"https:\/\/clarente.ee\/wp-content\/uploads\/2025\/01\/pexels-rickyrecap-1654698-scaled.jpg\" data-object-fit=\"cover\" srcset=\"https:\/\/clarente.ee\/wp-content\/uploads\/2025\/01\/pexels-rickyrecap-1654698-scaled.jpg 2560w, https:\/\/clarente.ee\/wp-content\/uploads\/2025\/01\/pexels-rickyrecap-1654698-300x200.jpg 300w, https:\/\/clarente.ee\/wp-content\/uploads\/2025\/01\/pexels-rickyrecap-1654698-1024x684.jpg 1024w, https:\/\/clarente.ee\/wp-content\/uploads\/2025\/01\/pexels-rickyrecap-1654698-768x513.jpg 768w, https:\/\/clarente.ee\/wp-content\/uploads\/2025\/01\/pexels-rickyrecap-1654698-1536x1026.jpg 1536w, https:\/\/clarente.ee\/wp-content\/uploads\/2025\/01\/pexels-rickyrecap-1654698-2048x1368.jpg 2048w, https:\/\/clarente.ee\/wp-content\/uploads\/2025\/01\/pexels-rickyrecap-1654698-600x401.jpg 600w\" sizes=\"auto, (max-width: 2560px) 100vw, 2560px\" \/><span aria-hidden=\"true\" class=\"wp-block-cover__background has-black-background-color has-background-dim-60 has-background-dim\"><\/span><div class=\"wp-block-cover__inner-container is-layout-flow wp-block-cover-is-layout-flow\">\n<div class=\"wp-block-group has-global-padding is-layout-constrained wp-block-group-is-layout-constrained\" style=\"padding-top:var(--wp--preset--spacing--60);padding-bottom:var(--wp--preset--spacing--60)\">\n<div class=\"wp-block-group alignwide has-global-padding is-content-justification-left is-layout-constrained wp-container-core-group-is-layout-12dd3699 wp-block-group-is-layout-constrained\">\n<h3 class=\"wp-block-heading has-text-align-left has-text-color has-x-large-font-size\" style=\"color:#fffffffc\">Koos on lihtsam!<\/h3>\n\n\n\n<p class=\"has-text-color\" style=\"color:#fffffffc;margin-top:16px\">V\u00f5ta meiega \u00fchendust.<\/p>\n<\/div>\n<\/div>\n<\/div><\/div>\n<\/div>\n\n\n\n<div class=\"wp-block-group alignfull has-background-background-color has-background has-global-padding is-layout-constrained wp-block-group-is-layout-constrained\" id=\"kontakt\" style=\"margin-top:0;margin-bottom:0;padding-top:var(--wp--preset--spacing--60);padding-bottom:var(--wp--preset--spacing--60)\">\n<div class=\"wp-block-columns alignwide is-layout-flex wp-container-core-columns-is-layout-08c01c1c wp-block-columns-is-layout-flex\">\n<div class=\"wp-block-column is-layout-flow wp-block-column-is-layout-flow\">\n<h2 class=\"wp-block-heading has-large-font-size\">Toetame teid igal sammul<\/h2>\n\n\n\n<p style=\"margin-top:16px\">Leidke siit meie kontaktandmed kiireks suhtlemiseks.<\/p>\n\n\n\n<p>Teenuste koordineerimine ja aegade kirja panemine:<\/p>\n\n\n\n<p>Me asume aadressil\u00a0Mustam\u00e4e tee 46, Tallinn (Tetrise \u00e4rimaja).<\/p>\n\n\n\n<p>B sissep\u00e4\u00e4s (Hilti poe k\u00f5rval).<\/p>\n\n\n\n<p>Maja k\u00fclje peal asuvad\u00a0parkimiskohad, kus on v\u00f5imalik parkida kuni\u00a03 tundi tasuta parkimiskellaga.\u00a0<\/p>\n\n\n\n<p>L\u00e4him\u00a0bussipeatus on &#8220;L\u00f6wenruh&#8221;,\u00a0kus peatuvad bussid nr 16, 81 ja 85.\u00a0<\/p>\n\n\n\n<p>Sisenedes palume all helistada kella\u00a0\u201cClarente\u201d.<br>Meie keskus asub\u00a06. korrusel\u00a0\u2013 liftist v\u00e4ljudes palume liikuda\u00a0vasakpoolse ukse juurde.<\/p>\n\n\n\n<p><strong>Tel: +372 5699 4075<\/strong><\/p>\n\n\n\n<p><strong>E-post: info@clarente.ee<\/strong><\/p>\n<\/div>\n\n\n\n<div class=\"wp-block-column is-layout-flow wp-block-column-is-layout-flow\"><div class=\"wpforms-container wpforms-block wpforms-block-406c62bf-d413-4f54-9e34-6ea96a36e1dd wpforms-render-modern\" id=\"wpforms-17\"><form id=\"wpforms-form-17\" class=\"wpforms-validate wpforms-form wpforms-ajax-form\" data-formid=\"17\" method=\"post\" enctype=\"multipart\/form-data\" action=\"\/en\/wp-json\/wp\/v2\/pages\/20\" data-token=\"b432d537dc5b8ae954967ab751ce1bfd\" data-token-time=\"1777464419\"><noscript class=\"wpforms-error-noscript\">Please enable JavaScript in your browser to complete this form.<\/noscript><div id=\"wpforms-error-noscript\" style=\"display: none;\">Please enable JavaScript in your browser to complete this form.<\/div><div class=\"wpforms-field-container\"><div id=\"wpforms-17-field_1-container\" class=\"wpforms-field wpforms-field-name\" data-field-id=\"1\"><label class=\"wpforms-field-label\" for=\"wpforms-17-field_1\">Nimi <span class=\"wpforms-required-label\" aria-hidden=\"true\">*<\/span><\/label><input type=\"text\" id=\"wpforms-17-field_1\" class=\"wpforms-field-large wpforms-field-required\" name=\"wpforms[fields][1]\" aria-errormessage=\"wpforms-17-field_1-error\" required><\/div><div id=\"wpforms-17-field_2-container\" class=\"wpforms-field wpforms-field-email\" data-field-id=\"2\"><label class=\"wpforms-field-label\" for=\"wpforms-17-field_2\">E-post <span class=\"wpforms-required-label\" aria-hidden=\"true\">*<\/span><\/label><input type=\"email\" id=\"wpforms-17-field_2\" class=\"wpforms-field-large wpforms-field-required\" name=\"wpforms[fields][2]\" spellcheck=\"false\" aria-errormessage=\"wpforms-17-field_2-error\" required><\/div><div id=\"wpforms-17-field_3-container\" class=\"wpforms-field wpforms-field-text\" data-field-id=\"3\"><label class=\"wpforms-field-label\" for=\"wpforms-17-field_3\">Telefoninumber <span class=\"wpforms-required-label\" aria-hidden=\"true\">*<\/span><\/label><input type=\"text\" id=\"wpforms-17-field_3\" class=\"wpforms-field-large wpforms-field-required\" name=\"wpforms[fields][3]\" aria-errormessage=\"wpforms-17-field_3-error\" required><\/div>\t\t<div id=\"wpforms-17-field_4-container\"\n\t\t\tclass=\"wpforms-field wpforms-field-text\"\n\t\t\tdata-field-type=\"text\"\n\t\t\tdata-field-id=\"4\"\n\t\t\t>\n\t\t\t<label class=\"wpforms-field-label\" for=\"wpforms-17-field_4\" >E-post Telefoninumber S\u00f5num<\/label>\n\t\t\t<input type=\"text\" id=\"wpforms-17-field_4\" class=\"wpforms-field-medium\" name=\"wpforms[fields][4]\" >\n\t\t<\/div>\n\t\t<div id=\"wpforms-17-field_8-container\" class=\"wpforms-field wpforms-field-textarea\" data-field-id=\"8\"><label class=\"wpforms-field-label\" for=\"wpforms-17-field_8\">S\u00f5num<\/label><textarea id=\"wpforms-17-field_8\" class=\"wpforms-field-medium\" name=\"wpforms[fields][8]\" aria-errormessage=\"wpforms-17-field_8-error\" ><\/textarea><\/div><script>\n\t\t\t\t( function() {\n\t\t\t\t\tconst style = document.createElement( 'style' );\n\t\t\t\t\tstyle.appendChild( document.createTextNode( '#wpforms-17-field_4-container { position: absolute !important; overflow: hidden !important; display: inline !important; height: 1px !important; width: 1px !important; z-index: -1000 !important; padding: 0 !important; } #wpforms-17-field_4-container input { visibility: hidden; } #wpforms-conversational-form-page #wpforms-17-field_4-container label { counter-increment: none; }' ) );\n\t\t\t\t\tdocument.head.appendChild( style );\n\t\t\t\t\tdocument.currentScript?.remove();\n\t\t\t\t} )();\n\t\t\t<\/script><\/div><!-- .wpforms-field-container --><div class=\"wpforms-submit-container\" ><input type=\"hidden\" name=\"wpforms[id]\" value=\"17\"><input type=\"hidden\" name=\"page_title\" value=\"\"><input type=\"hidden\" name=\"page_url\" value=\"https:\/\/clarente.ee\/en\/wp-json\/wp\/v2\/pages\/20\"><input type=\"hidden\" name=\"url_referer\" value=\"\"><button type=\"submit\" name=\"wpforms[submit]\" id=\"wpforms-submit-17\" class=\"wpforms-submit\" data-alt-text=\"Saatmine...\" data-submit-text=\"Saada\" aria-live=\"assertive\" value=\"wpforms-submit\">Saada<\/button><img loading=\"lazy\" decoding=\"async\" src=\"https:\/\/clarente.ee\/wp-content\/plugins\/wpforms\/assets\/images\/submit-spin.svg\" class=\"wpforms-submit-spinner\" style=\"display: none;\" width=\"26\" height=\"26\" alt=\"Loading\"><\/div><\/form><\/div>  <!-- .wpforms-container --><\/div>\n<\/div>\n<\/div>\n","protected":false},"excerpt":{"rendered":"<p>Toetame teid igal sammul Leidke siit meie kontaktandmed kiireks suhtlemiseks. Teenuste koordineerimine ja aegade kirja panemine: Me asume aadressil\u00a0Mustam\u00e4e tee 46, Tallinn (Tetrise \u00e4rimaja). B sissep\u00e4\u00e4s (Hilti poe k\u00f5rval). Maja k\u00fclje peal asuvad\u00a0parkimiskohad, kus on v\u00f5imalik parkida kuni\u00a03 tundi tasuta parkimiskellaga.\u00a0 L\u00e4him\u00a0bussipeatus on &#8220;L\u00f6wenruh&#8221;,\u00a0kus peatuvad bussid nr 16, 81 ja 85.\u00a0 Sisenedes palume all helistada [&hellip;]<\/p>\n","protected":false},"author":1,"featured_media":0,"parent":0,"menu_order":0,"comment_status":"closed","ping_status":"closed","template":"no-title","meta":{"footnotes":""},"class_list":["post-20","page","type-page","status-publish","hentry"],"aioseo_notices":[],"_links":{"self":[{"href":"https:\/\/clarente.ee\/en\/wp-json\/wp\/v2\/pages\/20","targetHints":{"allow":["GET"]}}],"collection":[{"href":"https:\/\/clarente.ee\/en\/wp-json\/wp\/v2\/pages"}],"about":[{"href":"https:\/\/clarente.ee\/en\/wp-json\/wp\/v2\/types\/page"}],"author":[{"embeddable":true,"href":"https:\/\/clarente.ee\/en\/wp-json\/wp\/v2\/users\/1"}],"replies":[{"embeddable":true,"href":"https:\/\/clarente.ee\/en\/wp-json\/wp\/v2\/comments?post=20"}],"version-history":[{"count":16,"href":"https:\/\/clarente.ee\/en\/wp-json\/wp\/v2\/pages\/20\/revisions"}],"predecessor-version":[{"id":960,"href":"https:\/\/clarente.ee\/en\/wp-json\/wp\/v2\/pages\/20\/revisions\/960"}],"wp:attachment":[{"href":"https:\/\/clarente.ee\/en\/wp-json\/wp\/v2\/media?parent=20"}],"curies":[{"name":"wp","href":"https:\/\/api.w.org\/{rel}","templated":true}]}}